{"id":1219,"date":"2023-06-05T15:53:56","date_gmt":"2023-06-05T15:53:56","guid":{"rendered":"https:\/\/sanjose.testapps.mx\/hermosillo\/?page_id=1219"},"modified":"2024-02-12T18:40:34","modified_gmt":"2024-02-12T18:40:34","slug":"ubicacion","status":"publish","type":"page","link":"https:\/\/sanjose.testapps.mx\/hermosillo\/ubicacion\/","title":{"rendered":"Ubicaci\u00f3n"},"content":{"rendered":"<p>[vc_section el_class=&#8221;container-fluid&#8221;][vc_row el_class=&#8221;container m-auto&#8221;][vc_column]\n            <div class=\"my-3 my-md-0 micss\">\n                <div class=\"intro  sup der\">\n                    \n                    <img decoding=\"async\" class=\"intro-img img-fluid my-0 mb-lg-0\" src=\"https:\/\/sanjose.testapps.mx\/hermosillo\/wp-content\/uploads\/sites\/7\/2023\/04\/space_blanco.png\" alt=\"Nuestra ubicaci\u00f3n\" \/>\n                     <div class=\"intro-text sup text-start  p-4 \" style=\"background-color:#ffffff ;\"> \n                                <h2 class=\"h5\">Nuestra ubicaci\u00f3n<\/h2>\n                                \n\n                                <div class=\"my-3 contenido-desfazado\">\n                                Explora las cercanias de nuestra ubicaci\u00f3n\n                                <\/div>\n\n                                \n                            <\/div> \n                <\/div>\n            <\/div>\n        [vc_empty_space height=&#8221;50px&#8221;][\/vc_column][\/vc_row][\/vc_section][vc_section el_class=&#8221;container-fluid&#8221; css=&#8221;.vc_custom_1685980763820{background-color: #f7f7f7 !important;}&#8221;][vc_row el_class=&#8221;container m-auto&#8221;][vc_column][vc_row_inner equal_height=&#8221;yes&#8221; content_placement=&#8221;middle&#8221; css=&#8221;.vc_custom_1685981247767{margin-bottom: 5px !important;}&#8221;][vc_column_inner el_class=&#8221;col-auto&#8221; width=&#8221;1\/6&#8243; css=&#8221;.vc_custom_1685981303407{margin-bottom: 10px !important;padding-right: 0px !important;}&#8221;][vc_single_image image=&#8221;1247&#8243; img_size=&#8221;35&#215;35&#8243; css=&#8221;.vc_custom_1685985185818{margin-bottom: 0px !important;}&#8221;][\/vc_column_inner][vc_column_inner width=&#8221;2\/3&#8243; css=&#8221;.vc_custom_1685985211649{margin-bottom: 10px !important;}&#8221;][vc_column_text css=&#8221;.vc_custom_1685981351852{margin-bottom: 0px !important;}&#8221;]<\/p>\n<h3>Atenci\u00f3n al p\u00fablico<\/h3>\n<p>[\/vc_column_text][\/vc_column_inner][vc_column_inner width=&#8221;1\/6&#8243; css=&#8221;.vc_custom_1685981317449{margin-bottom: 10px !important;}&#8221;][\/vc_column_inner][\/vc_row_inner][vc_row_inner][vc_column_inner css=&#8221;.vc_custom_1685981220219{padding-top: 0px !important;}&#8221;][vc_column_text]<\/p>\n<h5><strong>Horario de atenci\u00f3n<\/strong><\/h5>\n<p>Lunes a viernes 6:00 a.m. a 8:30 p.m.<\/p>\n<p>S\u00e1bado 6:00am a 7:30 p.m.<\/p>\n<p>Domingo 7:00 a.m. a 7:30 p.m.<\/p>\n<p>Tel\u00e9fono: (662) 109 0500<\/p>\n<p>Correo: contacto@corre.com[\/vc_column_text][vc_separator color=&#8221;custom&#8221; accent_color=&#8221;#979ea8&#8243;][\/vc_column_inner][\/vc_row_inner][vc_row_inner equal_height=&#8221;yes&#8221; content_placement=&#8221;middle&#8221; css=&#8221;.vc_custom_1685981247767{margin-bottom: 5px !important;}&#8221;][vc_column_inner el_class=&#8221;col-auto&#8221; width=&#8221;1\/6&#8243; css=&#8221;.vc_custom_1685981303407{margin-bottom: 10px !important;padding-right: 0px !important;}&#8221;][vc_single_image image=&#8221;1256&#8243; img_size=&#8221;35&#215;35&#8243; css=&#8221;.vc_custom_1685985577877{margin-bottom: 0px !important;}&#8221;][\/vc_column_inner][vc_column_inner width=&#8221;2\/3&#8243; css=&#8221;.vc_custom_1685985371567{margin-bottom: 10px !important;}&#8221;][vc_column_text css=&#8221;.vc_custom_1685981483752{margin-bottom: 0px !important;}&#8221;]<\/p>\n<h3>Horarios de visita a pacientes<\/h3>\n<p>[\/vc_column_text][\/vc_column_inner][vc_column_inner width=&#8221;1\/6&#8243; css=&#8221;.vc_custom_1685981317449{margin-bottom: 10px !important;}&#8221;][\/vc_column_inner][\/vc_row_inner][vc_row_inner][vc_column_inner width=&#8221;1\/3&#8243;][vc_column_text]<\/p>\n<h5><strong>Hospitalizaci\u00f3n<\/strong><\/h5>\n<p>8:00 a 20:00 hrs.<\/p>\n<p>M\u00e1ximo 2 personas en la habitaci\u00f3n.[\/vc_column_text][\/vc_column_inner][vc_column_inner width=&#8221;1\/3&#8243;][vc_column_text]<\/p>\n<h5><strong>Terapia Intensiva General y Cardiovascular<\/strong><\/h5>\n<p>8:30 a 9:00 hrs.<\/p>\n<p>13:00 a 13:30 hrs.<\/p>\n<p>19:00 a 19:30 hrs.<\/p>\n<p>Dos personas en la habitaci\u00f3n.[\/vc_column_text][\/vc_column_inner][vc_column_inner width=&#8221;1\/3&#8243;][vc_column_text]<\/p>\n<h5><strong>Terapia Intermedia y Terapia Intermedia Cardiovascular<\/strong><\/h5>\n<p>8:00 a 20:00 hrs.<\/p>\n<p>Dos personas en la habitaci\u00f3n.[\/vc_column_text][\/vc_column_inner][\/vc_row_inner][vc_separator color=&#8221;custom&#8221; accent_color=&#8221;#979ea8&#8243;][vc_row_inner equal_height=&#8221;yes&#8221; content_placement=&#8221;middle&#8221; css=&#8221;.vc_custom_1685981247767{margin-bottom: 5px !important;}&#8221;][vc_column_inner el_class=&#8221;col-auto&#8221; width=&#8221;1\/6&#8243; css=&#8221;.vc_custom_1685981303407{margin-bottom: 10px !important;padding-right: 0px !important;}&#8221;][vc_single_image image=&#8221;1257&#8243; img_size=&#8221;35&#215;35&#8243; css=&#8221;.vc_custom_1685985568739{margin-bottom: 0px !important;}&#8221;][\/vc_column_inner][vc_column_inner width=&#8221;2\/3&#8243; css=&#8221;.vc_custom_1685985621444{margin-bottom: 10px !important;}&#8221;][vc_column_text css=&#8221;.vc_custom_1707763203176{margin-bottom: 0px !important;}&#8221;]<\/p>\n<h3>Estacionamiento<\/h3>\n<p>[\/vc_column_text][\/vc_column_inner][vc_column_inner width=&#8221;1\/6&#8243; css=&#8221;.vc_custom_1685981317449{margin-bottom: 10px !important;}&#8221;][\/vc_column_inner][\/vc_row_inner][vc_row_inner][vc_column_inner][vc_column_text css=&#8221;.vc_custom_1707762665355{margin-bottom: 20px !important;}&#8221;]<span style=\"font-weight: 400;\">Para tu comodidad, Hospital San Jos\u00e9 y Oncolog\u00eda San Jos\u00e9 Centro de Alta Especialidad cuentan con servicio de estacionamiento.<\/span>[\/vc_column_text][\/vc_column_inner][\/vc_row_inner][vc_row_inner][vc_column_inner width=&#8221;1\/2&#8243;][vc_column_text]<\/p>\n<h5><strong>Hospital San Jos\u00e9 Hermosillo<\/strong><\/h5>\n<p><span style=\"background-color: var(--bs-body-bg); color: var(--bs-body-color); font-family: var(--bs-body-font-family); font-size: var(--bs-body-font-size); font-weight: var(--bs-body-font-weight); text-align: var(--bs-body-text-align);\">Lunes a domingo, 24 Hrs..<\/span><\/p>\n<p>Entrada por Bulevar Jos\u00e9 Mar\u00eda Morelos[\/vc_column_text][\/vc_column_inner][vc_column_inner width=&#8221;1\/2&#8243;][vc_column_text]<\/p>\n<h5><strong>Oncolog\u00eda San Jos\u00e9 Centro de Alta Especialidad<\/strong><\/h5>\n<p>Lunes a domingo, 24 Hrs.<\/p>\n<p>Entrada por <span style=\"font-weight: 400;\">Av. Ju\u00e1rez<\/span>[\/vc_column_text][\/vc_column_inner][\/vc_row_inner][vc_row_inner][vc_column_inner][vc_column_text]El servicio de estacionamiento es independiente al Hospital San Jos\u00e9 Hermosillo. Si el paciente se encuentra hospitalizado en las \u00e1reas de Terapia Intensiva, Terapia Intensiva, los familiares cuentan con un beneficio de llave de estacionamiento para el acceso de un veh\u00edculo hasta el momento de su alta hospitalaria.<\/p>\n<p>Para solicitarla, por favor comun\u00edcate al Departamento de Atenci\u00f3n al P\u00fablico o acude directamente a las oficinas ubicadas en la Planta Baja.[\/vc_column_text][\/vc_column_inner][\/vc_row_inner][vc_separator color=&#8221;custom&#8221; accent_color=&#8221;#979ea8&#8243;][vc_row_inner equal_height=&#8221;yes&#8221; content_placement=&#8221;middle&#8221; css=&#8221;.vc_custom_1685981247767{margin-bottom: 5px !important;}&#8221;][vc_column_inner el_class=&#8221;col-auto&#8221; width=&#8221;1\/6&#8243; css=&#8221;.vc_custom_1685981303407{margin-bottom: 10px !important;padding-right: 0px !important;}&#8221;][vc_single_image image=&#8221;1258&#8243; img_size=&#8221;35&#215;35&#8243; css=&#8221;.vc_custom_1685985602597{margin-bottom: 0px !important;}&#8221;][\/vc_column_inner][vc_column_inner width=&#8221;2\/3&#8243; css=&#8221;.vc_custom_1685985628836{margin-bottom: 10px !important;}&#8221;][vc_column_text css=&#8221;.vc_custom_1685982093307{margin-bottom: 0px !important;}&#8221;]<\/p>\n<h3>Farmacia<\/h3>\n<p>[\/vc_column_text][\/vc_column_inner][vc_column_inner width=&#8221;1\/6&#8243; css=&#8221;.vc_custom_1685981317449{margin-bottom: 10px !important;}&#8221;][\/vc_column_inner][\/vc_row_inner][vc_row_inner][vc_column_inner][vc_column_text]Surte tu receta despu\u00e9s de consultar a tu m\u00e9dico. Estamos en el primer piso junto al restaurante.<\/p>\n<p>Pregunta por nuestras promociones diarias.[\/vc_column_text][\/vc_column_inner][\/vc_row_inner][vc_row_inner][vc_column_inner width=&#8221;1\/2&#8243;][vc_column_text]<\/p>\n<h5><strong>Horario de atenci\u00f3n:<\/strong><\/h5>\n<p>De lunes a s\u00e1bado de 8:00 a.m. a 6:00 p.m.<\/p>\n<p>Domingos y d\u00edas festivos de 9:00 a.m. a 8:30 p.m.<\/p>\n<p>Tel\u00e9fono: (662) 211-12-26<\/p>\n<p>WhatsApp (662) 433 5710[\/vc_column_text][\/vc_column_inner][vc_column_inner width=&#8221;1\/2&#8243;][\/vc_column_inner][\/vc_row_inner][vc_empty_space][\/vc_column][\/vc_row][\/vc_section]<\/p>\n","protected":false},"excerpt":{"rendered":"<p>[vc_section el_class=&#8221;container-fluid&#8221;][vc_row el_class=&#8221;container m-auto&#8221;][vc_column][vc_empty_space height=&#8221;50px&#8221;][\/vc_column][\/vc_row][\/vc_section][vc_section el_class=&#8221;container-fluid&#8221; css=&#8221;.vc_custom_1685980763820{background-color: #f7f7f7 !important;}&#8221;][vc_row el_class=&#8221;container m-auto&#8221;][vc_column][vc_row_inner equal_height=&#8221;yes&#8221; content_placement=&#8221;middle&#8221; css=&#8221;.vc_custom_1685981247767{margin-bottom: 5px !important;}&#8221;][vc_column_inner el_class=&#8221;col-auto&#8221; width=&#8221;1\/6&#8243; css=&#8221;.vc_custom_1685981303407{margin-bottom: 10px !important;padding-right: 0px !important;}&#8221;][vc_single_image image=&#8221;1247&#8243; img_size=&#8221;35&#215;35&#8243; css=&#8221;.vc_custom_1685985185818{margin-bottom: 0px !important;}&#8221;][\/vc_column_inner][vc_column_inner width=&#8221;2\/3&#8243; css=&#8221;.vc_custom_1685985211649{margin-bottom: 10px !important;}&#8221;][vc_column_text css=&#8221;.vc_custom_1685981351852{margin-bottom: 0px !important;}&#8221;] Atenci\u00f3n al p\u00fablico [\/vc_column_text][\/vc_column_inner][vc_column_inner width=&#8221;1\/6&#8243; css=&#8221;.vc_custom_1685981317449{margin-bottom: 10px !important;}&#8221;][\/vc_column_inner][\/vc_row_inner][vc_row_inner][vc_column_inner css=&#8221;.vc_custom_1685981220219{padding-top: 0px !important;}&#8221;][vc_column_text] Horario de atenci\u00f3n Lunes a viernes 6:00 a.m. a [&#8230;]<\/p>\n<p><a class=\"btn btn-secondary understrap-read-more-link\" href=\"https:\/\/sanjose.testapps.mx\/hermosillo\/ubicacion\/\">Read More&#8230;<span class=\"screen-reader-text\"> from Ubicaci\u00f3n<\/span><\/a><\/p>\n","protected":false},"author":5,"featured_media":1294,"parent":0,"menu_order":0,"comment_status":"closed","ping_status":"closed","template":"templates\/plantilla-general.php","meta":{"_acf_changed":false,"footnotes":""},"class_list":["post-1219","page","type-page","status-publish","has-post-thumbnail","hentry"],"acf":[],"yoast_head":"<!-- This site is optimized with the Yoast SEO plugin v26.9 - https:\/\/yoast.com\/product\/yoast-seo-wordpress\/ -->\n<title>Ubicaci\u00f3n - Hospital San Jos\u00e9 Hermosillo<\/title>\n<meta name=\"robots\" content=\"index, follow, max-snippet:-1, max-image-preview:large, max-video-preview:-1\" \/>\n<link rel=\"canonical\" href=\"https:\/\/sanjose.testapps.mx\/hermosillo\/ubicacion\/\" \/>\n<meta property=\"og:locale\" content=\"es_MX\" \/>\n<meta property=\"og:type\" content=\"article\" \/>\n<meta property=\"og:title\" content=\"Ubicaci\u00f3n - Hospital San Jos\u00e9 Hermosillo\" \/>\n<meta property=\"og:description\" content=\"[vc_section el_class=&#8221;container-fluid&#8221;][vc_row el_class=&#8221;container m-auto&#8221;][vc_column][vc_empty_space height=&#8221;50px&#8221;][\/vc_column][\/vc_row][\/vc_section][vc_section el_class=&#8221;container-fluid&#8221; css=&#8221;.vc_custom_1685980763820{background-color: #f7f7f7 !important;}&#8221;][vc_row el_class=&#8221;container m-auto&#8221;][vc_column][vc_row_inner equal_height=&#8221;yes&#8221; content_placement=&#8221;middle&#8221; css=&#8221;.vc_custom_1685981247767{margin-bottom: 5px !important;}&#8221;][vc_column_inner el_class=&#8221;col-auto&#8221; width=&#8221;1\/6&#8243; css=&#8221;.vc_custom_1685981303407{margin-bottom: 10px !important;padding-right: 0px !important;}&#8221;][vc_single_image image=&#8221;1247&#8243; img_size=&#8221;35&#215;35&#8243; css=&#8221;.vc_custom_1685985185818{margin-bottom: 0px !important;}&#8221;][\/vc_column_inner][vc_column_inner width=&#8221;2\/3&#8243; css=&#8221;.vc_custom_1685985211649{margin-bottom: 10px !important;}&#8221;][vc_column_text css=&#8221;.vc_custom_1685981351852{margin-bottom: 0px !important;}&#8221;] Atenci\u00f3n al p\u00fablico [\/vc_column_text][\/vc_column_inner][vc_column_inner width=&#8221;1\/6&#8243; css=&#8221;.vc_custom_1685981317449{margin-bottom: 10px !important;}&#8221;][\/vc_column_inner][\/vc_row_inner][vc_row_inner][vc_column_inner css=&#8221;.vc_custom_1685981220219{padding-top: 0px !important;}&#8221;][vc_column_text] Horario de atenci\u00f3n Lunes a viernes 6:00 a.m. a [...]Read More... from Ubicaci\u00f3n\" \/>\n<meta property=\"og:url\" content=\"https:\/\/sanjose.testapps.mx\/hermosillo\/ubicacion\/\" \/>\n<meta property=\"og:site_name\" content=\"Hospital San Jos\u00e9 Hermosillo\" \/>\n<meta property=\"article:modified_time\" content=\"2024-02-12T18:40:34+00:00\" \/>\n<meta property=\"og:image\" content=\"https:\/\/sanjose.testapps.mx\/hermosillo\/wp-content\/uploads\/sites\/7\/2023\/06\/FACHADA-HMO-scaled.jpg\" \/>\n\t<meta property=\"og:image:width\" content=\"2560\" \/>\n\t<meta property=\"og:image:height\" content=\"1920\" \/>\n\t<meta property=\"og:image:type\" content=\"image\/jpeg\" \/>\n<meta name=\"twitter:card\" content=\"summary_large_image\" \/>\n<meta name=\"twitter:label1\" content=\"Est. reading time\" \/>\n\t<meta name=\"twitter:data1\" content=\"2 minutos\" \/>\n<script type=\"application\/ld+json\" class=\"yoast-schema-graph\">{\"@context\":\"https:\/\/schema.org\",\"@graph\":[{\"@type\":\"WebPage\",\"@id\":\"https:\/\/sanjose.testapps.mx\/hermosillo\/ubicacion\/\",\"url\":\"https:\/\/sanjose.testapps.mx\/hermosillo\/ubicacion\/\",\"name\":\"Ubicaci\u00f3n - Hospital San Jos\u00e9 Hermosillo\",\"isPartOf\":{\"@id\":\"https:\/\/sanjose.testapps.mx\/hermosillo\/#website\"},\"primaryImageOfPage\":{\"@id\":\"https:\/\/sanjose.testapps.mx\/hermosillo\/ubicacion\/#primaryimage\"},\"image\":{\"@id\":\"https:\/\/sanjose.testapps.mx\/hermosillo\/ubicacion\/#primaryimage\"},\"thumbnailUrl\":\"https:\/\/sanjose.testapps.mx\/hermosillo\/wp-content\/uploads\/sites\/7\/2023\/06\/FACHADA-HMO-scaled.jpg\",\"datePublished\":\"2023-06-05T15:53:56+00:00\",\"dateModified\":\"2024-02-12T18:40:34+00:00\",\"breadcrumb\":{\"@id\":\"https:\/\/sanjose.testapps.mx\/hermosillo\/ubicacion\/#breadcrumb\"},\"inLanguage\":\"es\",\"potentialAction\":[{\"@type\":\"ReadAction\",\"target\":[\"https:\/\/sanjose.testapps.mx\/hermosillo\/ubicacion\/\"]}]},{\"@type\":\"ImageObject\",\"inLanguage\":\"es\",\"@id\":\"https:\/\/sanjose.testapps.mx\/hermosillo\/ubicacion\/#primaryimage\",\"url\":\"https:\/\/sanjose.testapps.mx\/hermosillo\/wp-content\/uploads\/sites\/7\/2023\/06\/FACHADA-HMO-scaled.jpg\",\"contentUrl\":\"https:\/\/sanjose.testapps.mx\/hermosillo\/wp-content\/uploads\/sites\/7\/2023\/06\/FACHADA-HMO-scaled.jpg\",\"width\":2560,\"height\":1920},{\"@type\":\"BreadcrumbList\",\"@id\":\"https:\/\/sanjose.testapps.mx\/hermosillo\/ubicacion\/#breadcrumb\",\"itemListElement\":[{\"@type\":\"ListItem\",\"position\":1,\"name\":\"Home\",\"item\":\"https:\/\/sanjose.testapps.mx\/hermosillo\/\"},{\"@type\":\"ListItem\",\"position\":2,\"name\":\"Ubicaci\u00f3n\"}]},{\"@type\":\"WebSite\",\"@id\":\"https:\/\/sanjose.testapps.mx\/hermosillo\/#website\",\"url\":\"https:\/\/sanjose.testapps.mx\/hermosillo\/\",\"name\":\"Hospital San Jos\u00e9 Hermosillo\",\"description\":\"\",\"publisher\":{\"@id\":\"https:\/\/sanjose.testapps.mx\/hermosillo\/#organization\"},\"potentialAction\":[{\"@type\":\"SearchAction\",\"target\":{\"@type\":\"EntryPoint\",\"urlTemplate\":\"https:\/\/sanjose.testapps.mx\/hermosillo\/?s={search_term_string}\"},\"query-input\":{\"@type\":\"PropertyValueSpecification\",\"valueRequired\":true,\"valueName\":\"search_term_string\"}}],\"inLanguage\":\"es\"},{\"@type\":\"Organization\",\"@id\":\"https:\/\/sanjose.testapps.mx\/hermosillo\/#organization\",\"name\":\"Hospital San Jos\u00e9 Hermosillo\",\"url\":\"https:\/\/sanjose.testapps.mx\/hermosillo\/\",\"logo\":{\"@type\":\"ImageObject\",\"inLanguage\":\"es\",\"@id\":\"https:\/\/sanjose.testapps.mx\/hermosillo\/#\/schema\/logo\/image\/\",\"url\":\"https:\/\/sanjose.testapps.mx\/hermosillo\/wp-content\/uploads\/sites\/7\/2023\/05\/logo-san-jose-small.svg\",\"contentUrl\":\"https:\/\/sanjose.testapps.mx\/hermosillo\/wp-content\/uploads\/sites\/7\/2023\/05\/logo-san-jose-small.svg\",\"width\":58,\"height\":76,\"caption\":\"Hospital San Jos\u00e9 Hermosillo\"},\"image\":{\"@id\":\"https:\/\/sanjose.testapps.mx\/hermosillo\/#\/schema\/logo\/image\/\"}}]}<\/script>\n<!-- \/ Yoast SEO plugin. -->","yoast_head_json":{"title":"Ubicaci\u00f3n - Hospital San Jos\u00e9 Hermosillo","robots":{"index":"index","follow":"follow","max-snippet":"max-snippet:-1","max-image-preview":"max-image-preview:large","max-video-preview":"max-video-preview:-1"},"canonical":"https:\/\/sanjose.testapps.mx\/hermosillo\/ubicacion\/","og_locale":"es_MX","og_type":"article","og_title":"Ubicaci\u00f3n - Hospital San Jos\u00e9 Hermosillo","og_description":"[vc_section el_class=&#8221;container-fluid&#8221;][vc_row el_class=&#8221;container m-auto&#8221;][vc_column][vc_empty_space height=&#8221;50px&#8221;][\/vc_column][\/vc_row][\/vc_section][vc_section el_class=&#8221;container-fluid&#8221; css=&#8221;.vc_custom_1685980763820{background-color: #f7f7f7 !important;}&#8221;][vc_row el_class=&#8221;container m-auto&#8221;][vc_column][vc_row_inner equal_height=&#8221;yes&#8221; content_placement=&#8221;middle&#8221; css=&#8221;.vc_custom_1685981247767{margin-bottom: 5px !important;}&#8221;][vc_column_inner el_class=&#8221;col-auto&#8221; width=&#8221;1\/6&#8243; css=&#8221;.vc_custom_1685981303407{margin-bottom: 10px !important;padding-right: 0px !important;}&#8221;][vc_single_image image=&#8221;1247&#8243; img_size=&#8221;35&#215;35&#8243; css=&#8221;.vc_custom_1685985185818{margin-bottom: 0px !important;}&#8221;][\/vc_column_inner][vc_column_inner width=&#8221;2\/3&#8243; css=&#8221;.vc_custom_1685985211649{margin-bottom: 10px !important;}&#8221;][vc_column_text css=&#8221;.vc_custom_1685981351852{margin-bottom: 0px !important;}&#8221;] Atenci\u00f3n al p\u00fablico [\/vc_column_text][\/vc_column_inner][vc_column_inner width=&#8221;1\/6&#8243; css=&#8221;.vc_custom_1685981317449{margin-bottom: 10px !important;}&#8221;][\/vc_column_inner][\/vc_row_inner][vc_row_inner][vc_column_inner css=&#8221;.vc_custom_1685981220219{padding-top: 0px !important;}&#8221;][vc_column_text] Horario de atenci\u00f3n Lunes a viernes 6:00 a.m. a [...]Read More... from Ubicaci\u00f3n","og_url":"https:\/\/sanjose.testapps.mx\/hermosillo\/ubicacion\/","og_site_name":"Hospital San Jos\u00e9 Hermosillo","article_modified_time":"2024-02-12T18:40:34+00:00","og_image":[{"width":2560,"height":1920,"url":"https:\/\/sanjose.testapps.mx\/hermosillo\/wp-content\/uploads\/sites\/7\/2023\/06\/FACHADA-HMO-scaled.jpg","type":"image\/jpeg"}],"twitter_card":"summary_large_image","twitter_misc":{"Est. reading time":"2 minutos"},"schema":{"@context":"https:\/\/schema.org","@graph":[{"@type":"WebPage","@id":"https:\/\/sanjose.testapps.mx\/hermosillo\/ubicacion\/","url":"https:\/\/sanjose.testapps.mx\/hermosillo\/ubicacion\/","name":"Ubicaci\u00f3n - Hospital San Jos\u00e9 Hermosillo","isPartOf":{"@id":"https:\/\/sanjose.testapps.mx\/hermosillo\/#website"},"primaryImageOfPage":{"@id":"https:\/\/sanjose.testapps.mx\/hermosillo\/ubicacion\/#primaryimage"},"image":{"@id":"https:\/\/sanjose.testapps.mx\/hermosillo\/ubicacion\/#primaryimage"},"thumbnailUrl":"https:\/\/sanjose.testapps.mx\/hermosillo\/wp-content\/uploads\/sites\/7\/2023\/06\/FACHADA-HMO-scaled.jpg","datePublished":"2023-06-05T15:53:56+00:00","dateModified":"2024-02-12T18:40:34+00:00","breadcrumb":{"@id":"https:\/\/sanjose.testapps.mx\/hermosillo\/ubicacion\/#breadcrumb"},"inLanguage":"es","potentialAction":[{"@type":"ReadAction","target":["https:\/\/sanjose.testapps.mx\/hermosillo\/ubicacion\/"]}]},{"@type":"ImageObject","inLanguage":"es","@id":"https:\/\/sanjose.testapps.mx\/hermosillo\/ubicacion\/#primaryimage","url":"https:\/\/sanjose.testapps.mx\/hermosillo\/wp-content\/uploads\/sites\/7\/2023\/06\/FACHADA-HMO-scaled.jpg","contentUrl":"https:\/\/sanjose.testapps.mx\/hermosillo\/wp-content\/uploads\/sites\/7\/2023\/06\/FACHADA-HMO-scaled.jpg","width":2560,"height":1920},{"@type":"BreadcrumbList","@id":"https:\/\/sanjose.testapps.mx\/hermosillo\/ubicacion\/#breadcrumb","itemListElement":[{"@type":"ListItem","position":1,"name":"Home","item":"https:\/\/sanjose.testapps.mx\/hermosillo\/"},{"@type":"ListItem","position":2,"name":"Ubicaci\u00f3n"}]},{"@type":"WebSite","@id":"https:\/\/sanjose.testapps.mx\/hermosillo\/#website","url":"https:\/\/sanjose.testapps.mx\/hermosillo\/","name":"Hospital San Jos\u00e9 Hermosillo","description":"","publisher":{"@id":"https:\/\/sanjose.testapps.mx\/hermosillo\/#organization"},"potentialAction":[{"@type":"SearchAction","target":{"@type":"EntryPoint","urlTemplate":"https:\/\/sanjose.testapps.mx\/hermosillo\/?s={search_term_string}"},"query-input":{"@type":"PropertyValueSpecification","valueRequired":true,"valueName":"search_term_string"}}],"inLanguage":"es"},{"@type":"Organization","@id":"https:\/\/sanjose.testapps.mx\/hermosillo\/#organization","name":"Hospital San Jos\u00e9 Hermosillo","url":"https:\/\/sanjose.testapps.mx\/hermosillo\/","logo":{"@type":"ImageObject","inLanguage":"es","@id":"https:\/\/sanjose.testapps.mx\/hermosillo\/#\/schema\/logo\/image\/","url":"https:\/\/sanjose.testapps.mx\/hermosillo\/wp-content\/uploads\/sites\/7\/2023\/05\/logo-san-jose-small.svg","contentUrl":"https:\/\/sanjose.testapps.mx\/hermosillo\/wp-content\/uploads\/sites\/7\/2023\/05\/logo-san-jose-small.svg","width":58,"height":76,"caption":"Hospital San Jos\u00e9 Hermosillo"},"image":{"@id":"https:\/\/sanjose.testapps.mx\/hermosillo\/#\/schema\/logo\/image\/"}}]}},"_links":{"self":[{"href":"https:\/\/sanjose.testapps.mx\/hermosillo\/wp-json\/wp\/v2\/pages\/1219","targetHints":{"allow":["GET"]}}],"collection":[{"href":"https:\/\/sanjose.testapps.mx\/hermosillo\/wp-json\/wp\/v2\/pages"}],"about":[{"href":"https:\/\/sanjose.testapps.mx\/hermosillo\/wp-json\/wp\/v2\/types\/page"}],"author":[{"embeddable":true,"href":"https:\/\/sanjose.testapps.mx\/hermosillo\/wp-json\/wp\/v2\/users\/5"}],"replies":[{"embeddable":true,"href":"https:\/\/sanjose.testapps.mx\/hermosillo\/wp-json\/wp\/v2\/comments?post=1219"}],"version-history":[{"count":10,"href":"https:\/\/sanjose.testapps.mx\/hermosillo\/wp-json\/wp\/v2\/pages\/1219\/revisions"}],"predecessor-version":[{"id":2006,"href":"https:\/\/sanjose.testapps.mx\/hermosillo\/wp-json\/wp\/v2\/pages\/1219\/revisions\/2006"}],"wp:featuredmedia":[{"embeddable":true,"href":"https:\/\/sanjose.testapps.mx\/hermosillo\/wp-json\/wp\/v2\/media\/1294"}],"wp:attachment":[{"href":"https:\/\/sanjose.testapps.mx\/hermosillo\/wp-json\/wp\/v2\/media?parent=1219"}],"curies":[{"name":"wp","href":"https:\/\/api.w.org\/{rel}","templated":true}]}}