{"id":1601,"date":"2023-08-23T21:47:11","date_gmt":"2023-08-23T21:47:11","guid":{"rendered":"https:\/\/sanjose.testapps.mx\/hermosillo\/?page_id=1601"},"modified":"2023-08-23T21:47:11","modified_gmt":"2023-08-23T21:47:11","slug":"directorio-de-areas","status":"publish","type":"page","link":"https:\/\/sanjose.testapps.mx\/hermosillo\/directorio-de-areas\/","title":{"rendered":"Directorio de \u00e1reas"},"content":{"rendered":"","protected":false},"excerpt":{"rendered":"<p> [&#8230;]<\/p>\n<p><a class=\"btn btn-secondary understrap-read-more-link\" href=\"https:\/\/sanjose.testapps.mx\/hermosillo\/directorio-de-areas\/\">Read More&#8230;<span class=\"screen-reader-text\"> from Directorio de \u00e1reas<\/span><\/a><\/p>\n","protected":false},"author":4,"featured_media":0,"parent":0,"menu_order":0,"comment_status":"closed","ping_status":"closed","template":"templates\/directorio-areas.php","meta":{"_acf_changed":false,"footnotes":""},"class_list":["post-1601","page","type-page","status-publish","hentry"],"acf":[],"yoast_head":"<!-- This site is optimized with the Yoast SEO plugin v26.9 - https:\/\/yoast.com\/product\/yoast-seo-wordpress\/ -->\n<title>Directorio de \u00e1reas - Hospital San Jos\u00e9 Hermosillo<\/title>\n<meta name=\"robots\" content=\"index, follow, max-snippet:-1, max-image-preview:large, max-video-preview:-1\" \/>\n<link rel=\"canonical\" href=\"https:\/\/sanjose.testapps.mx\/hermosillo\/directorio-de-areas\/\" \/>\n<meta property=\"og:locale\" content=\"es_MX\" \/>\n<meta property=\"og:type\" content=\"article\" \/>\n<meta property=\"og:title\" content=\"Directorio de \u00e1reas - Hospital San Jos\u00e9 Hermosillo\" \/>\n<meta property=\"og:description\" content=\"[...]Read More... from Directorio de \u00e1reas\" \/>\n<meta property=\"og:url\" content=\"https:\/\/sanjose.testapps.mx\/hermosillo\/directorio-de-areas\/\" \/>\n<meta property=\"og:site_name\" content=\"Hospital San Jos\u00e9 Hermosillo\" \/>\n<meta name=\"twitter:card\" content=\"summary_large_image\" \/>\n<script type=\"application\/ld+json\" class=\"yoast-schema-graph\">{\"@context\":\"https:\/\/schema.org\",\"@graph\":[{\"@type\":\"WebPage\",\"@id\":\"https:\/\/sanjose.testapps.mx\/hermosillo\/directorio-de-areas\/\",\"url\":\"https:\/\/sanjose.testapps.mx\/hermosillo\/directorio-de-areas\/\",\"name\":\"Directorio de \u00e1reas - Hospital San Jos\u00e9 Hermosillo\",\"isPartOf\":{\"@id\":\"https:\/\/sanjose.testapps.mx\/hermosillo\/#website\"},\"datePublished\":\"2023-08-23T21:47:11+00:00\",\"breadcrumb\":{\"@id\":\"https:\/\/sanjose.testapps.mx\/hermosillo\/directorio-de-areas\/#breadcrumb\"},\"inLanguage\":\"es\",\"potentialAction\":[{\"@type\":\"ReadAction\",\"target\":[\"https:\/\/sanjose.testapps.mx\/hermosillo\/directorio-de-areas\/\"]}]},{\"@type\":\"BreadcrumbList\",\"@id\":\"https:\/\/sanjose.testapps.mx\/hermosillo\/directorio-de-areas\/#breadcrumb\",\"itemListElement\":[{\"@type\":\"ListItem\",\"position\":1,\"name\":\"Home\",\"item\":\"https:\/\/sanjose.testapps.mx\/hermosillo\/\"},{\"@type\":\"ListItem\",\"position\":2,\"name\":\"Directorio de \u00e1reas\"}]},{\"@type\":\"WebSite\",\"@id\":\"https:\/\/sanjose.testapps.mx\/hermosillo\/#website\",\"url\":\"https:\/\/sanjose.testapps.mx\/hermosillo\/\",\"name\":\"Hospital San Jos\u00e9 Hermosillo\",\"description\":\"\",\"publisher\":{\"@id\":\"https:\/\/sanjose.testapps.mx\/hermosillo\/#organization\"},\"potentialAction\":[{\"@type\":\"SearchAction\",\"target\":{\"@type\":\"EntryPoint\",\"urlTemplate\":\"https:\/\/sanjose.testapps.mx\/hermosillo\/?s={search_term_string}\"},\"query-input\":{\"@type\":\"PropertyValueSpecification\",\"valueRequired\":true,\"valueName\":\"search_term_string\"}}],\"inLanguage\":\"es\"},{\"@type\":\"Organization\",\"@id\":\"https:\/\/sanjose.testapps.mx\/hermosillo\/#organization\",\"name\":\"Hospital San Jos\u00e9 Hermosillo\",\"url\":\"https:\/\/sanjose.testapps.mx\/hermosillo\/\",\"logo\":{\"@type\":\"ImageObject\",\"inLanguage\":\"es\",\"@id\":\"https:\/\/sanjose.testapps.mx\/hermosillo\/#\/schema\/logo\/image\/\",\"url\":\"https:\/\/sanjose.testapps.mx\/hermosillo\/wp-content\/uploads\/sites\/7\/2023\/05\/logo-san-jose-small.svg\",\"contentUrl\":\"https:\/\/sanjose.testapps.mx\/hermosillo\/wp-content\/uploads\/sites\/7\/2023\/05\/logo-san-jose-small.svg\",\"width\":58,\"height\":76,\"caption\":\"Hospital San Jos\u00e9 Hermosillo\"},\"image\":{\"@id\":\"https:\/\/sanjose.testapps.mx\/hermosillo\/#\/schema\/logo\/image\/\"}}]}<\/script>\n<!-- \/ Yoast SEO plugin. -->","yoast_head_json":{"title":"Directorio de \u00e1reas - Hospital San Jos\u00e9 Hermosillo","robots":{"index":"index","follow":"follow","max-snippet":"max-snippet:-1","max-image-preview":"max-image-preview:large","max-video-preview":"max-video-preview:-1"},"canonical":"https:\/\/sanjose.testapps.mx\/hermosillo\/directorio-de-areas\/","og_locale":"es_MX","og_type":"article","og_title":"Directorio de \u00e1reas - Hospital San Jos\u00e9 Hermosillo","og_description":"[...]Read More... from Directorio de \u00e1reas","og_url":"https:\/\/sanjose.testapps.mx\/hermosillo\/directorio-de-areas\/","og_site_name":"Hospital San Jos\u00e9 Hermosillo","twitter_card":"summary_large_image","schema":{"@context":"https:\/\/schema.org","@graph":[{"@type":"WebPage","@id":"https:\/\/sanjose.testapps.mx\/hermosillo\/directorio-de-areas\/","url":"https:\/\/sanjose.testapps.mx\/hermosillo\/directorio-de-areas\/","name":"Directorio de \u00e1reas - Hospital San Jos\u00e9 Hermosillo","isPartOf":{"@id":"https:\/\/sanjose.testapps.mx\/hermosillo\/#website"},"datePublished":"2023-08-23T21:47:11+00:00","breadcrumb":{"@id":"https:\/\/sanjose.testapps.mx\/hermosillo\/directorio-de-areas\/#breadcrumb"},"inLanguage":"es","potentialAction":[{"@type":"ReadAction","target":["https:\/\/sanjose.testapps.mx\/hermosillo\/directorio-de-areas\/"]}]},{"@type":"BreadcrumbList","@id":"https:\/\/sanjose.testapps.mx\/hermosillo\/directorio-de-areas\/#breadcrumb","itemListElement":[{"@type":"ListItem","position":1,"name":"Home","item":"https:\/\/sanjose.testapps.mx\/hermosillo\/"},{"@type":"ListItem","position":2,"name":"Directorio de \u00e1reas"}]},{"@type":"WebSite","@id":"https:\/\/sanjose.testapps.mx\/hermosillo\/#website","url":"https:\/\/sanjose.testapps.mx\/hermosillo\/","name":"Hospital San Jos\u00e9 Hermosillo","description":"","publisher":{"@id":"https:\/\/sanjose.testapps.mx\/hermosillo\/#organization"},"potentialAction":[{"@type":"SearchAction","target":{"@type":"EntryPoint","urlTemplate":"https:\/\/sanjose.testapps.mx\/hermosillo\/?s={search_term_string}"},"query-input":{"@type":"PropertyValueSpecification","valueRequired":true,"valueName":"search_term_string"}}],"inLanguage":"es"},{"@type":"Organization","@id":"https:\/\/sanjose.testapps.mx\/hermosillo\/#organization","name":"Hospital San Jos\u00e9 Hermosillo","url":"https:\/\/sanjose.testapps.mx\/hermosillo\/","logo":{"@type":"ImageObject","inLanguage":"es","@id":"https:\/\/sanjose.testapps.mx\/hermosillo\/#\/schema\/logo\/image\/","url":"https:\/\/sanjose.testapps.mx\/hermosillo\/wp-content\/uploads\/sites\/7\/2023\/05\/logo-san-jose-small.svg","contentUrl":"https:\/\/sanjose.testapps.mx\/hermosillo\/wp-content\/uploads\/sites\/7\/2023\/05\/logo-san-jose-small.svg","width":58,"height":76,"caption":"Hospital San Jos\u00e9 Hermosillo"},"image":{"@id":"https:\/\/sanjose.testapps.mx\/hermosillo\/#\/schema\/logo\/image\/"}}]}},"_links":{"self":[{"href":"https:\/\/sanjose.testapps.mx\/hermosillo\/wp-json\/wp\/v2\/pages\/1601","targetHints":{"allow":["GET"]}}],"collection":[{"href":"https:\/\/sanjose.testapps.mx\/hermosillo\/wp-json\/wp\/v2\/pages"}],"about":[{"href":"https:\/\/sanjose.testapps.mx\/hermosillo\/wp-json\/wp\/v2\/types\/page"}],"author":[{"embeddable":true,"href":"https:\/\/sanjose.testapps.mx\/hermosillo\/wp-json\/wp\/v2\/users\/4"}],"replies":[{"embeddable":true,"href":"https:\/\/sanjose.testapps.mx\/hermosillo\/wp-json\/wp\/v2\/comments?post=1601"}],"version-history":[{"count":1,"href":"https:\/\/sanjose.testapps.mx\/hermosillo\/wp-json\/wp\/v2\/pages\/1601\/revisions"}],"predecessor-version":[{"id":1602,"href":"https:\/\/sanjose.testapps.mx\/hermosillo\/wp-json\/wp\/v2\/pages\/1601\/revisions\/1602"}],"wp:attachment":[{"href":"https:\/\/sanjose.testapps.mx\/hermosillo\/wp-json\/wp\/v2\/media?parent=1601"}],"curies":[{"name":"wp","href":"https:\/\/api.w.org\/{rel}","templated":true}]}}