{"id":783,"date":"2023-04-26T17:12:41","date_gmt":"2023-04-26T17:12:41","guid":{"rendered":"https:\/\/sanjose.testapps.mx\/hermosillo\/?page_id=783"},"modified":"2023-09-19T22:38:42","modified_gmt":"2023-09-19T22:38:42","slug":"banco-de-sangre","status":"publish","type":"page","link":"https:\/\/sanjose.testapps.mx\/hermosillo\/banco-de-sangre\/","title":{"rendered":"Banco de Sangre"},"content":{"rendered":"<p>[vc_section el_class=&#8221;container-fluid mx-auto&#8221;][vc_row el_class=&#8221;container mx-auto&#8221;][vc_column width=&#8221;9\/12&#8243;]\n            <div class=\"contenedor-titulo-destacado titulo-oculto \">\n                <h2 id=\"banco-de-sangre\" class=\" text-start contenido\">\n                    Banco de Sangre Hermosillo\n                <\/h2>\n            <\/div>\n        \n            <div class=\"my-3 my-md-0 micss\">\n                <div class=\"intro  sup der\">\n                    \n                    <img decoding=\"async\" class=\"intro-img img-fluid my-0 mb-lg-0\" src=\"https:\/\/sanjose.testapps.mx\/hermosillo\/wp-content\/uploads\/sites\/7\/2023\/09\/BANCO-DE-SANGRE-1.jpg\" alt=\"\" \/>\n                     <div class=\"intro-text sup text-start  p-4 \" style=\"background-color:#ffffff ;\"> \n                                \n                                \n\n                                <div class=\"my-3 contenido-desfazado\">\n                                EL Banco de Sangre de Grupo M\u00e9dico San Jos\u00e9 garantiza la m\u00e1xima seguridad e higiene en cada procedimiento que se realiza dentro de las instalaciones.\n                                <\/div>\n\n                                \n                            <\/div> \n                <\/div>\n            <\/div>\n        [\/vc_column][vc_column width=&#8221;3\/12&#8243;]\n                       \n        <style type=\"text\/css\">\n\n            .menu-lateral {\n                background-color: #852328;\n                color: #fff;\n                width: 240px;\n                z-index: 1;\n            }\n\n        <\/style>\n       \n                <div class=\"d-none d-md-flex \">\n                    <div class=\"menu-lateral p-3\">\n                        <ul id=\"menu\">\n\n                        <\/ul>\n                    <\/div>\n                <\/div>\n        [\/vc_column][\/vc_row][\/vc_section][vc_section css=&#8221;.vc_custom_1682441400053{background-color: #f7f7f7 !important;}&#8221; el_class=&#8221;container-fluid mx-auto mt-5&#8243;][vc_row el_class=&#8221;container mx-auto&#8221;][vc_column width=&#8221;9\/12&#8243;]\n            <div class=\"contenedor-titulo-destacado titulo-oculto \">\n                <h2 id=\"pasos-donar\" class=\" text-start contenido\">\n                    Pasos para ser donador\n                <\/h2>\n            <\/div>\n        \n            <div class=\"contenedor-titulo-destacado titulo-oculto \">\n                <h2 id=\"puedes-donar\" class=\" text-start contenido\">\n                    Puedes donar sangre si\n                <\/h2>\n            <\/div>\n        [vc_row_inner][vc_column_inner width=&#8221;1\/2&#8243;]\n            <div class=\"contenedor-titulo-destacado mb-3 h3 \">\n                <h2 id=\"\" class=\" text-start \">\n                    Pasos para ser donador\n                <\/h2>\n            <\/div>\n        [vc_column_text]<\/p>\n<ul>\n<li>Presentar Identificaci\u00f3n Oficial Mexicana con Fotograf\u00eda Vigente (Credencial de Elector, Pasaporte, Cedula Profesional, Licencia de Conducir, etc.).<\/li>\n<li>Contar con los requisitos de salud.<\/li>\n<li>Comunicarse a Banco de Sangre para agendar una cita v\u00eda telef\u00f3nica.<\/li>\n<li>Acudir a la cita en ayuno de grasas.<\/li>\n<li>Firmar requerimientos.<\/li>\n<li>Disponer de tiempo para la extracci\u00f3n voluntaria.<\/li>\n<\/ul>\n<p>[\/vc_column_text][\/vc_column_inner][vc_column_inner width=&#8221;1\/2&#8243;]\n            <div class=\"contenedor-titulo-destacado mb-3 h3 \">\n                <h2 id=\"\" class=\" text-start \">\n                    Puedes donar sangre si\n                <\/h2>\n            <\/div>\n        [vc_column_text]<\/p>\n<ul>\n<li>Si tienes entre 18 y 70 a\u00f1os y pesas m\u00e1s de 50 kilos.<\/li>\n<li>Aunque hayas padecido hepatitis antes de los 12 a\u00f1os.<\/li>\n<li>Aunque no est\u00e9s en ayunas.<\/li>\n<li>Aunque tengas el colesterol elevado.<\/li>\n<li>Aunque tomes alguno de los medicamentos m\u00e1s frecuentes.<\/li>\n<\/ul>\n<p>[\/vc_column_text][\/vc_column_inner][\/vc_row_inner][\/vc_column][vc_column width=&#8221;3\/12&#8243;][\/vc_column][\/vc_row][\/vc_section][vc_section el_class=&#8221;container-fluid mx-auto mt-5&#8243;][vc_row el_class=&#8221;container mx-auto&#8221;][vc_column width=&#8221;9\/12&#8243;][vc_row_inner equal_height=&#8221;yes&#8221; content_placement=&#8221;middle&#8221;][vc_column_inner width=&#8221;1\/2&#8243;][vc_single_image image=&#8221;1080&#8243; img_size=&#8221;full&#8221;][\/vc_column_inner][vc_column_inner width=&#8221;1\/2&#8243;]\n            <div class=\"contenedor-titulo-destacado mb-3 h3 \">\n                <h2 id=\"requisitos-banco-sangre\" class=\" text-start contenido\">\n                    Requisitos\n                <\/h2>\n            <\/div>\n        [vc_column_text]<\/p>\n<ul>\n<li>Ser mayor de 18 a\u00f1os y menor de 65 a\u00f1os de edad, sea hombre o mujer.<\/li>\n<li>Ayuno de 6 a 8 horas como m\u00ednimo y no m\u00e1s de 12 horas.<\/li>\n<li>No estar desvelado, no haber tomado medicamentos e ingerido alcohol en las \u00faltimas 48 horas.<\/li>\n<li>No usar drogas, ni haberse realizado Tatuajes, ni perforaciones en el cuerpo en el \u00faltimo a\u00f1o.<\/li>\n<li>No haber tenido relaciones sexuales de alto riesgo.<\/li>\n<li>No haberse sometido a Intervenciones Quir\u00fargicas, Partos, Ces\u00e1rea o Aborto en los \u00faltimos 6 meses.<\/li>\n<li>No estar Embarazada o Lactando.<\/li>\n<li>No haber padecido enfermedades como: Hepatitis, Tuberculosis, Diabetes, Hipertensi\u00f3n Arterial, Fiebre Tifoidea, Dengue, Sida, C\u00e1ncer, Trastornos Renales, Paludismo, Brucelosis, Convulsiones, S\u00edfilis, Gonorrea, Etc.<\/li>\n<li>No tener Garganta Inflamada, Tos, Gripe, Fiebre, Presentarse sano.<\/li>\n<li>No haberse Vacunado en los \u00faltimos 28 d\u00edas.<\/li>\n<li>El candidato a donar deber\u00e1 de ser completamente honesto en su entrevista con el m\u00e9dico.<\/li>\n<\/ul>\n<p>[\/vc_column_text][\/vc_column_inner][\/vc_row_inner][vc_row_inner equal_height=&#8221;yes&#8221; content_placement=&#8221;middle&#8221;][vc_column_inner width=&#8221;1\/2&#8243;]\n            <div class=\"contenedor-titulo-destacado mb-3 h3 \">\n                <h2 id=\"faq-banco-sangre\" class=\" text-start contenido\">\n                    Preguntas Frecuentes\n                <\/h2>\n            <\/div>\n        [vc_column_text]<strong>\u00bfCu\u00e1ntas veces por a\u00f1o puedo donar sangre?<\/strong><\/p>\n<p>Puede volver a donar sangre despu\u00e9s de 60 d\u00edas, sin que se afecte a su salud, el hombre puede donar hasta 3 veces por a\u00f1o y la mujer 2 veces.<\/p>\n<p><strong>\u00bfEs seguro donar sangre?<\/strong><\/p>\n<p>Donar sangre es seguro, el material que se utiliza es est\u00e9ril, y se desecha, no se utiliza en otra persona, No engorda, No contrae ninguna enfermedad, No produce anemia.<\/p>\n<p><strong>\u00bfC\u00f3mo puedo saber si mi sangre cumple con los requisitos?<\/strong><\/p>\n<p>Se le practica ex\u00e1menes M\u00e9dicos y de Laboratorio, para comprobar que la Sangre sea de la mejor calidad posible, Usted puede solicitar los resultados al momento de la donaci\u00f3n.<\/p>\n<p><strong>\u00bfPuedo vender sangre?<\/strong><\/p>\n<p>Est\u00e1 PROHIBIDO comercializar la Sangre (vender o comprar), debido a que presenta una serie de riesgos y peligros por transmisi\u00f3n de enfermedades a la persona que se le transfunde el componente sangu\u00edneo.<\/p>\n<p><strong>\u00bfQu\u00e9 debo hacer despu\u00e9s de donar sangre?<\/strong><\/p>\n<p>Despu\u00e9s de la donaci\u00f3n de sangre, tomar abundantes l\u00edquidos, de preferencia agua, jugos, nada de alcohol en las siguientes 48 horas.[\/vc_column_text][\/vc_column_inner][vc_column_inner width=&#8221;1\/2&#8243;][vc_single_image image=&#8221;742&#8243; img_size=&#8221;full&#8221;][\/vc_column_inner][\/vc_row_inner][vc_row_inner equal_height=&#8221;yes&#8221; content_placement=&#8221;middle&#8221;][vc_column_inner width=&#8221;1\/2&#8243;][vc_single_image image=&#8221;1914&#8243; img_size=&#8221;full&#8221; el_class=&#8221;mb-md-0&#8243;][\/vc_column_inner][vc_column_inner width=&#8221;1\/2&#8243;]\n            <div class=\"contenedor-titulo-destacado mb-3 h3 \">\n                <h2 id=\"recuerda-banco-sangre\" class=\" text-start contenido\">\n                    Recuerda\n                <\/h2>\n            <\/div>\n        [vc_column_text]<\/p>\n<ul>\n<li>Tenga en cuenta estos puntos para poder seleccionar bien a sus donadores y poder tenerle a usted, su familia y su m\u00e9dico, todo listo y oportunamente. Recuerde que de su apoyo y voluntad depende el 50% de nuestro trabajo y sin su comprensi\u00f3n y sin donadores, un Banco de Sangre no puede lograr mucho.<\/li>\n<li>El donador debe proporcionar:\n<ul>\n<li>Nombre completo del paciente.<\/li>\n<li>Fecha de cirug\u00eda y\/o diagn\u00f3stico.<\/li>\n<li>Fecha de cirug\u00eda y\/o diagn\u00f3stico.<\/li>\n<\/ul>\n<\/li>\n<li>En el Banco de Sangre de Hospital San Jos\u00e9, contamos con estrictas medidas de seguridad y control para garantizar Sangre Segura.<\/li>\n<\/ul>\n<p class=\"bold-color\"><strong>\u00a1T\u00fa tambi\u00e9n puedes salvar vidas!<\/strong><\/p>\n<p>[\/vc_column_text][\/vc_column_inner][\/vc_row_inner][\/vc_column][vc_column width=&#8221;3\/12&#8243;][\/vc_column][\/vc_row][\/vc_section][vc_section el_class=&#8221;container-fluid mx-auto mt-5&#8243;][vc_row el_class=&#8221;container mx-auto&#8221;][vc_column]\n            <div class=\"my-3 my-md-0 micss\">\n                <div class=\"intro  footer der\">\n                    <div class=\"conte-map\" style=\"background-color:#ffffff ;\">\n                                    <h2 class=\"h5\">Hospital San Jos\u00e9 Hermosillo<\/h2>\n                                    <a class=\"btn-principal\" href=\"\/hermosillo\/contacto\/\" >Cont\u00e1ctanos<\/a>\n                                <\/div>\n                    <img decoding=\"async\" class=\"intro-img img-fluid my-0 mb-lg-0\" src=\"https:\/\/sanjose.testapps.mx\/hermosillo\/wp-content\/uploads\/sites\/7\/2023\/07\/hermosillo.jpg\" alt=\"\" \/>\n                     <div class=\"intro-text footer text-start  p-4 \" style=\"background-color:#ffffff ;\">\n                                <p class=\"h4\">Cont\u00e1ctanos<\/p>\n                                <\/p>\n<p class=\"h6\">Horario de atenci\u00f3n:<\/p>\n<ul>\n<li>Para Sangre: Lunes a S\u00e1bado (8:00 a.m. a 12:00 p.m.)<\/li>\n<li>Para Plaquetas: Las 24 Horas<\/li>\n<\/ul>\n<p><a href=\"tel:6621090500\"><strong>Tel\u00e9fono: <\/strong>(662) 109 0500 Ext. 1142<\/a>\n                            <\/div>\n                <\/div>\n            <\/div>\n        [\/vc_column][\/vc_row][\/vc_section]<\/p>\n","protected":false},"excerpt":{"rendered":"<p>[vc_section el_class=&#8221;container-fluid mx-auto&#8221;][vc_row el_class=&#8221;container mx-auto&#8221;][vc_column width=&#8221;9\/12&#8243;][\/vc_column][vc_column width=&#8221;3\/12&#8243;][\/vc_column][\/vc_row][\/vc_section][vc_section css=&#8221;.vc_custom_1682441400053{background-color: #f7f7f7 !important;}&#8221; el_class=&#8221;container-fluid mx-auto mt-5&#8243;][vc_row el_class=&#8221;container mx-auto&#8221;][vc_column width=&#8221;9\/12&#8243;][vc_row_inner][vc_column_inner width=&#8221;1\/2&#8243;][vc_column_text] Presentar Identificaci\u00f3n Oficial Mexicana con Fotograf\u00eda Vigente (Credencial de Elector, Pasaporte, Cedula Profesional, Licencia de Conducir, etc.). Contar con los requisitos de salud. Comunicarse a Banco de Sangre para agendar una cita v\u00eda telef\u00f3nica. Acudir a la cita [&#8230;]<\/p>\n<p><a class=\"btn btn-secondary understrap-read-more-link\" href=\"https:\/\/sanjose.testapps.mx\/hermosillo\/banco-de-sangre\/\">Read More&#8230;<span class=\"screen-reader-text\"> from Banco de Sangre<\/span><\/a><\/p>\n","protected":false},"author":4,"featured_media":1913,"parent":0,"menu_order":0,"comment_status":"closed","ping_status":"closed","template":"templates\/plantilla-general.php","meta":{"_acf_changed":false,"footnotes":""},"class_list":["post-783","page","type-page","status-publish","has-post-thumbnail","hentry"],"acf":[],"yoast_head":"<!-- This site is optimized with the Yoast SEO plugin v26.9 - https:\/\/yoast.com\/product\/yoast-seo-wordpress\/ -->\n<title>Banco de Sangre - Hospital San Jos\u00e9 Hermosillo<\/title>\n<meta name=\"robots\" content=\"index, follow, max-snippet:-1, max-image-preview:large, max-video-preview:-1\" \/>\n<link rel=\"canonical\" href=\"https:\/\/sanjose.testapps.mx\/hermosillo\/banco-de-sangre\/\" \/>\n<meta property=\"og:locale\" content=\"es_MX\" \/>\n<meta property=\"og:type\" content=\"article\" \/>\n<meta property=\"og:title\" content=\"Banco de Sangre - Hospital San Jos\u00e9 Hermosillo\" \/>\n<meta property=\"og:description\" content=\"[vc_section el_class=&#8221;container-fluid mx-auto&#8221;][vc_row el_class=&#8221;container mx-auto&#8221;][vc_column width=&#8221;9\/12&#8243;][\/vc_column][vc_column width=&#8221;3\/12&#8243;][\/vc_column][\/vc_row][\/vc_section][vc_section css=&#8221;.vc_custom_1682441400053{background-color: #f7f7f7 !important;}&#8221; el_class=&#8221;container-fluid mx-auto mt-5&#8243;][vc_row el_class=&#8221;container mx-auto&#8221;][vc_column width=&#8221;9\/12&#8243;][vc_row_inner][vc_column_inner width=&#8221;1\/2&#8243;][vc_column_text] Presentar Identificaci\u00f3n Oficial Mexicana con Fotograf\u00eda Vigente (Credencial de Elector, Pasaporte, Cedula Profesional, Licencia de Conducir, etc.). Contar con los requisitos de salud. Comunicarse a Banco de Sangre para agendar una cita v\u00eda telef\u00f3nica. Acudir a la cita [...]Read More... from Banco de Sangre\" \/>\n<meta property=\"og:url\" content=\"https:\/\/sanjose.testapps.mx\/hermosillo\/banco-de-sangre\/\" \/>\n<meta property=\"og:site_name\" content=\"Hospital San Jos\u00e9 Hermosillo\" \/>\n<meta property=\"article:modified_time\" content=\"2023-09-19T22:38:42+00:00\" \/>\n<meta property=\"og:image\" content=\"https:\/\/sanjose.testapps.mx\/hermosillo\/wp-content\/uploads\/sites\/7\/2023\/09\/BANCO-DE-SANGRE-1.jpg\" \/>\n\t<meta property=\"og:image:width\" content=\"1500\" \/>\n\t<meta property=\"og:image:height\" content=\"1244\" \/>\n\t<meta property=\"og:image:type\" content=\"image\/jpeg\" \/>\n<meta name=\"twitter:card\" content=\"summary_large_image\" \/>\n<meta name=\"twitter:label1\" content=\"Est. reading time\" \/>\n\t<meta name=\"twitter:data1\" content=\"4 minutos\" \/>\n<script type=\"application\/ld+json\" class=\"yoast-schema-graph\">{\"@context\":\"https:\/\/schema.org\",\"@graph\":[{\"@type\":\"WebPage\",\"@id\":\"https:\/\/sanjose.testapps.mx\/hermosillo\/banco-de-sangre\/\",\"url\":\"https:\/\/sanjose.testapps.mx\/hermosillo\/banco-de-sangre\/\",\"name\":\"Banco de Sangre - Hospital San Jos\u00e9 Hermosillo\",\"isPartOf\":{\"@id\":\"https:\/\/sanjose.testapps.mx\/hermosillo\/#website\"},\"primaryImageOfPage\":{\"@id\":\"https:\/\/sanjose.testapps.mx\/hermosillo\/banco-de-sangre\/#primaryimage\"},\"image\":{\"@id\":\"https:\/\/sanjose.testapps.mx\/hermosillo\/banco-de-sangre\/#primaryimage\"},\"thumbnailUrl\":\"https:\/\/sanjose.testapps.mx\/hermosillo\/wp-content\/uploads\/sites\/7\/2023\/09\/BANCO-DE-SANGRE-1.jpg\",\"datePublished\":\"2023-04-26T17:12:41+00:00\",\"dateModified\":\"2023-09-19T22:38:42+00:00\",\"breadcrumb\":{\"@id\":\"https:\/\/sanjose.testapps.mx\/hermosillo\/banco-de-sangre\/#breadcrumb\"},\"inLanguage\":\"es\",\"potentialAction\":[{\"@type\":\"ReadAction\",\"target\":[\"https:\/\/sanjose.testapps.mx\/hermosillo\/banco-de-sangre\/\"]}]},{\"@type\":\"ImageObject\",\"inLanguage\":\"es\",\"@id\":\"https:\/\/sanjose.testapps.mx\/hermosillo\/banco-de-sangre\/#primaryimage\",\"url\":\"https:\/\/sanjose.testapps.mx\/hermosillo\/wp-content\/uploads\/sites\/7\/2023\/09\/BANCO-DE-SANGRE-1.jpg\",\"contentUrl\":\"https:\/\/sanjose.testapps.mx\/hermosillo\/wp-content\/uploads\/sites\/7\/2023\/09\/BANCO-DE-SANGRE-1.jpg\",\"width\":1500,\"height\":1244},{\"@type\":\"BreadcrumbList\",\"@id\":\"https:\/\/sanjose.testapps.mx\/hermosillo\/banco-de-sangre\/#breadcrumb\",\"itemListElement\":[{\"@type\":\"ListItem\",\"position\":1,\"name\":\"Home\",\"item\":\"https:\/\/sanjose.testapps.mx\/hermosillo\/\"},{\"@type\":\"ListItem\",\"position\":2,\"name\":\"Banco de Sangre\"}]},{\"@type\":\"WebSite\",\"@id\":\"https:\/\/sanjose.testapps.mx\/hermosillo\/#website\",\"url\":\"https:\/\/sanjose.testapps.mx\/hermosillo\/\",\"name\":\"Hospital San Jos\u00e9 Hermosillo\",\"description\":\"\",\"publisher\":{\"@id\":\"https:\/\/sanjose.testapps.mx\/hermosillo\/#organization\"},\"potentialAction\":[{\"@type\":\"SearchAction\",\"target\":{\"@type\":\"EntryPoint\",\"urlTemplate\":\"https:\/\/sanjose.testapps.mx\/hermosillo\/?s={search_term_string}\"},\"query-input\":{\"@type\":\"PropertyValueSpecification\",\"valueRequired\":true,\"valueName\":\"search_term_string\"}}],\"inLanguage\":\"es\"},{\"@type\":\"Organization\",\"@id\":\"https:\/\/sanjose.testapps.mx\/hermosillo\/#organization\",\"name\":\"Hospital San Jos\u00e9 Hermosillo\",\"url\":\"https:\/\/sanjose.testapps.mx\/hermosillo\/\",\"logo\":{\"@type\":\"ImageObject\",\"inLanguage\":\"es\",\"@id\":\"https:\/\/sanjose.testapps.mx\/hermosillo\/#\/schema\/logo\/image\/\",\"url\":\"https:\/\/sanjose.testapps.mx\/hermosillo\/wp-content\/uploads\/sites\/7\/2023\/05\/logo-san-jose-small.svg\",\"contentUrl\":\"https:\/\/sanjose.testapps.mx\/hermosillo\/wp-content\/uploads\/sites\/7\/2023\/05\/logo-san-jose-small.svg\",\"width\":58,\"height\":76,\"caption\":\"Hospital San Jos\u00e9 Hermosillo\"},\"image\":{\"@id\":\"https:\/\/sanjose.testapps.mx\/hermosillo\/#\/schema\/logo\/image\/\"}}]}<\/script>\n<!-- \/ Yoast SEO plugin. -->","yoast_head_json":{"title":"Banco de Sangre - Hospital San Jos\u00e9 Hermosillo","robots":{"index":"index","follow":"follow","max-snippet":"max-snippet:-1","max-image-preview":"max-image-preview:large","max-video-preview":"max-video-preview:-1"},"canonical":"https:\/\/sanjose.testapps.mx\/hermosillo\/banco-de-sangre\/","og_locale":"es_MX","og_type":"article","og_title":"Banco de Sangre - Hospital San Jos\u00e9 Hermosillo","og_description":"[vc_section el_class=&#8221;container-fluid mx-auto&#8221;][vc_row el_class=&#8221;container mx-auto&#8221;][vc_column width=&#8221;9\/12&#8243;][\/vc_column][vc_column width=&#8221;3\/12&#8243;][\/vc_column][\/vc_row][\/vc_section][vc_section css=&#8221;.vc_custom_1682441400053{background-color: #f7f7f7 !important;}&#8221; el_class=&#8221;container-fluid mx-auto mt-5&#8243;][vc_row el_class=&#8221;container mx-auto&#8221;][vc_column width=&#8221;9\/12&#8243;][vc_row_inner][vc_column_inner width=&#8221;1\/2&#8243;][vc_column_text] Presentar Identificaci\u00f3n Oficial Mexicana con Fotograf\u00eda Vigente (Credencial de Elector, Pasaporte, Cedula Profesional, Licencia de Conducir, etc.). Contar con los requisitos de salud. Comunicarse a Banco de Sangre para agendar una cita v\u00eda telef\u00f3nica. Acudir a la cita [...]Read More... from Banco de Sangre","og_url":"https:\/\/sanjose.testapps.mx\/hermosillo\/banco-de-sangre\/","og_site_name":"Hospital San Jos\u00e9 Hermosillo","article_modified_time":"2023-09-19T22:38:42+00:00","og_image":[{"width":1500,"height":1244,"url":"https:\/\/sanjose.testapps.mx\/hermosillo\/wp-content\/uploads\/sites\/7\/2023\/09\/BANCO-DE-SANGRE-1.jpg","type":"image\/jpeg"}],"twitter_card":"summary_large_image","twitter_misc":{"Est. reading time":"4 minutos"},"schema":{"@context":"https:\/\/schema.org","@graph":[{"@type":"WebPage","@id":"https:\/\/sanjose.testapps.mx\/hermosillo\/banco-de-sangre\/","url":"https:\/\/sanjose.testapps.mx\/hermosillo\/banco-de-sangre\/","name":"Banco de Sangre - Hospital San Jos\u00e9 Hermosillo","isPartOf":{"@id":"https:\/\/sanjose.testapps.mx\/hermosillo\/#website"},"primaryImageOfPage":{"@id":"https:\/\/sanjose.testapps.mx\/hermosillo\/banco-de-sangre\/#primaryimage"},"image":{"@id":"https:\/\/sanjose.testapps.mx\/hermosillo\/banco-de-sangre\/#primaryimage"},"thumbnailUrl":"https:\/\/sanjose.testapps.mx\/hermosillo\/wp-content\/uploads\/sites\/7\/2023\/09\/BANCO-DE-SANGRE-1.jpg","datePublished":"2023-04-26T17:12:41+00:00","dateModified":"2023-09-19T22:38:42+00:00","breadcrumb":{"@id":"https:\/\/sanjose.testapps.mx\/hermosillo\/banco-de-sangre\/#breadcrumb"},"inLanguage":"es","potentialAction":[{"@type":"ReadAction","target":["https:\/\/sanjose.testapps.mx\/hermosillo\/banco-de-sangre\/"]}]},{"@type":"ImageObject","inLanguage":"es","@id":"https:\/\/sanjose.testapps.mx\/hermosillo\/banco-de-sangre\/#primaryimage","url":"https:\/\/sanjose.testapps.mx\/hermosillo\/wp-content\/uploads\/sites\/7\/2023\/09\/BANCO-DE-SANGRE-1.jpg","contentUrl":"https:\/\/sanjose.testapps.mx\/hermosillo\/wp-content\/uploads\/sites\/7\/2023\/09\/BANCO-DE-SANGRE-1.jpg","width":1500,"height":1244},{"@type":"BreadcrumbList","@id":"https:\/\/sanjose.testapps.mx\/hermosillo\/banco-de-sangre\/#breadcrumb","itemListElement":[{"@type":"ListItem","position":1,"name":"Home","item":"https:\/\/sanjose.testapps.mx\/hermosillo\/"},{"@type":"ListItem","position":2,"name":"Banco de Sangre"}]},{"@type":"WebSite","@id":"https:\/\/sanjose.testapps.mx\/hermosillo\/#website","url":"https:\/\/sanjose.testapps.mx\/hermosillo\/","name":"Hospital San Jos\u00e9 Hermosillo","description":"","publisher":{"@id":"https:\/\/sanjose.testapps.mx\/hermosillo\/#organization"},"potentialAction":[{"@type":"SearchAction","target":{"@type":"EntryPoint","urlTemplate":"https:\/\/sanjose.testapps.mx\/hermosillo\/?s={search_term_string}"},"query-input":{"@type":"PropertyValueSpecification","valueRequired":true,"valueName":"search_term_string"}}],"inLanguage":"es"},{"@type":"Organization","@id":"https:\/\/sanjose.testapps.mx\/hermosillo\/#organization","name":"Hospital San Jos\u00e9 Hermosillo","url":"https:\/\/sanjose.testapps.mx\/hermosillo\/","logo":{"@type":"ImageObject","inLanguage":"es","@id":"https:\/\/sanjose.testapps.mx\/hermosillo\/#\/schema\/logo\/image\/","url":"https:\/\/sanjose.testapps.mx\/hermosillo\/wp-content\/uploads\/sites\/7\/2023\/05\/logo-san-jose-small.svg","contentUrl":"https:\/\/sanjose.testapps.mx\/hermosillo\/wp-content\/uploads\/sites\/7\/2023\/05\/logo-san-jose-small.svg","width":58,"height":76,"caption":"Hospital San Jos\u00e9 Hermosillo"},"image":{"@id":"https:\/\/sanjose.testapps.mx\/hermosillo\/#\/schema\/logo\/image\/"}}]}},"_links":{"self":[{"href":"https:\/\/sanjose.testapps.mx\/hermosillo\/wp-json\/wp\/v2\/pages\/783","targetHints":{"allow":["GET"]}}],"collection":[{"href":"https:\/\/sanjose.testapps.mx\/hermosillo\/wp-json\/wp\/v2\/pages"}],"about":[{"href":"https:\/\/sanjose.testapps.mx\/hermosillo\/wp-json\/wp\/v2\/types\/page"}],"author":[{"embeddable":true,"href":"https:\/\/sanjose.testapps.mx\/hermosillo\/wp-json\/wp\/v2\/users\/4"}],"replies":[{"embeddable":true,"href":"https:\/\/sanjose.testapps.mx\/hermosillo\/wp-json\/wp\/v2\/comments?post=783"}],"version-history":[{"count":10,"href":"https:\/\/sanjose.testapps.mx\/hermosillo\/wp-json\/wp\/v2\/pages\/783\/revisions"}],"predecessor-version":[{"id":1915,"href":"https:\/\/sanjose.testapps.mx\/hermosillo\/wp-json\/wp\/v2\/pages\/783\/revisions\/1915"}],"wp:featuredmedia":[{"embeddable":true,"href":"https:\/\/sanjose.testapps.mx\/hermosillo\/wp-json\/wp\/v2\/media\/1913"}],"wp:attachment":[{"href":"https:\/\/sanjose.testapps.mx\/hermosillo\/wp-json\/wp\/v2\/media?parent=783"}],"curies":[{"name":"wp","href":"https:\/\/api.w.org\/{rel}","templated":true}]}}