{"id":813,"date":"2023-04-26T18:15:07","date_gmt":"2023-04-26T18:15:07","guid":{"rendered":"https:\/\/sanjose.testapps.mx\/hermosillo\/?page_id=813"},"modified":"2023-09-20T15:43:41","modified_gmt":"2023-09-20T15:43:41","slug":"hemodialisis","status":"publish","type":"page","link":"https:\/\/sanjose.testapps.mx\/hermosillo\/hemodialisis\/","title":{"rendered":"Hemodi\u00e1lisis"},"content":{"rendered":"<p>[vc_section el_class=&#8221;container-fluid mx-auto&#8221;][vc_row el_class=&#8221;container mx-auto&#8221;][vc_column width=&#8221;9\/12&#8243;]\n            <div class=\"contenedor-titulo-destacado titulo-oculto \">\n                <h2 id=\"centro-hemodi\u00e1lisis\" class=\" text-start contenido\">\n                    Hemodi\u00e1lisis\n                <\/h2>\n            <\/div>\n        \n            <div class=\"my-3 my-md-0 micss\">\n                <div class=\"intro  sup der\">\n                    \n                    <img decoding=\"async\" class=\"intro-img img-fluid my-0 mb-lg-0\" src=\"https:\/\/sanjose.testapps.mx\/hermosillo\/wp-content\/uploads\/sites\/7\/2023\/04\/hero-Hemodialisis.png\" alt=\"\" \/>\n                     <div class=\"intro-text sup text-start  p-4 \" style=\"background-color:#ffffff ;\"> \n                                \n                                \n\n                                <div class=\"my-3 contenido-desfazado\">\n                                Esta unidad es el \u00e1rea designada para otorgar los tratamientos de hemodi\u00e1lisis para las personas que padecen enfermedad renal cr\u00f3nica avanzada. Es una sala en la cual solamente ingresas pacientes con este diagn\u00f3stico y no es necesario que se admitan a \u00e1reas de hospitalizaci\u00f3n para recibir el tratamiento. Contamos una sala grande, c\u00f3moda para el paciente, con una central de enfermer\u00eda al frente de los pacientes, un ba\u00f1o para pacientes y otro para personal, climatizada y con televisores para los pacientes que deseen utilizarla.\n                                <\/div>\n\n                                \n                            <\/div> \n                <\/div>\n            <\/div>\n        [\/vc_column][vc_column width=&#8221;3\/12&#8243;]\n                       \n        <style type=\"text\/css\">\n\n            .menu-lateral {\n                background-color: #852328;\n                color: #fff;\n                width: 240px;\n                z-index: 1;\n            }\n\n        <\/style>\n       \n                <div class=\"d-none d-md-flex \">\n                    <div class=\"menu-lateral p-3\">\n                        <ul id=\"menu\">\n\n                        <\/ul>\n                    <\/div>\n                <\/div>\n        [\/vc_column][\/vc_row][\/vc_section][vc_section el_class=&#8221;container-fluid mx-auto mt-5&#8243;][vc_row el_class=&#8221;container mx-auto&#8221;][vc_column width=&#8221;9\/12&#8243;][vc_row_inner][vc_column_inner width=&#8221;1\/2&#8243;]\n            <div class=\"contenedor-titulo-destacado mb-3 h3 \">\n                <h2 id=\"beneficios-hemodialisis\" class=\" text-start contenido\">\n                    Beneficios\n                <\/h2>\n            <\/div>\n        <div class=\"my-3 realizar-check position-relative\"><div class=\"img-check\" style=\"background-image:url(https:\/\/sanjose.testapps.mx\/hermosillo\/wp-content\/uploads\/sites\/7\/2023\/04\/Beneficios-Hemodialisis.png);\"><\/div><div class=\"rec-check\" ><div class=\"descripcion-check my-3\">El tratamiento de hemodi\u00e1lisis es un proceso de purificaci\u00f3n de la sangre, para disminuir los niveles de \u201ctoxinas\u201d que se acumulan en sangre debido a la deficiencia de los ri\u00f1ones nativos para hacer su trabajo e igual ayudan a extraer el l\u00edquido acumulado en el cuerpo, esto a consecuencia de la falla renal.<\/p>\n<p>Es un tratamiento indispensable para toda persona que llega a tener una disminuci\u00f3n severa de la filtraci\u00f3n renal.<\/div><\/div><\/div>\n            <div class=\"contenedor-titulo-destacado mb-3 h3 \">\n                <h2 id=\"tecnologia-hemodialisis\" class=\" text-start contenido\">\n                    Tecnolog\u00eda e infraestructura con la que contamos:\n                <\/h2>\n            <\/div>\n        <div class=\"my-3 realizar-check position-relative\"><div class=\"img-check\" style=\"background-image:url(https:\/\/sanjose.testapps.mx\/hermosillo\/wp-content\/uploads\/sites\/7\/2023\/09\/HEMODIALISIS-03.jpeg);\"><\/div><div class=\"rec-check\" ><div class=\"descripcion-check my-3\">En nuestra unidad contamos con equipos modernos de hemodi\u00e1lisis y hemodiafiltraci\u00f3n, ambos \u00fatiles para tratamiento de la enfermedad renal cr\u00f3nica y la falla renal aguda. As\u00ed mismo, se cuenta con una planta de tratamiento de agua para la producci\u00f3n de agua ultrapura, la cual es requisito b\u00e1sico para ofertar estos tratamientos.<\/div><\/div><\/div>[\/vc_column_inner][vc_column_inner el_class=&#8221;sin-image&#8221; width=&#8221;1\/2&#8243;][vc_empty_space height=&#8221;52px&#8221; el_class=&#8221;d-none d-md-block&#8221;]\n            <div class=\"contenedor-titulo-destacado mb-3 h3 \">\n                <h2 id=\"procedimientos-hemodialisis\" class=\" text-start contenido\">\n                    Principales procedimientos que se realizan:\n                <\/h2>\n            <\/div>\n        <div class=\"my-3 realizar-check position-relative\"><div class=\"rec-check\" ><div class=\"descripcion-check my-3\"><\/p>\n<ul>\n<li><strong>Hemodi\u00e1lisis intermitente \u00f3 Convencional<\/strong><br \/>\nEs un procedimiento que se utiliza para tratar la insuficiencia renal cr\u00f3nica. En este procedimiento, se utiliza una m\u00e1quina llamada hemodializador para filtrar la sangre y eliminar los desechos y el exceso de l\u00edquido del cuerpo.<\/li>\n<li><strong>Hemodiafiltraci\u00f3n<\/strong><br \/>\nTipo de terapia de filtraci\u00f3n renal que combina elementos de la hemodi\u00e1lisis y la ultrafiltraci\u00f3n. En la HDF, se utiliza una t\u00e9cnica de filtraci\u00f3n de la sangre que permite la eliminaci\u00f3n tanto de lo productos de desecho como de las mol\u00e9culas de gran tama\u00f1o.<\/li>\n<\/ul>\n<p><\/div><\/div><\/div>[\/vc_column_inner][\/vc_row_inner][\/vc_column][vc_column width=&#8221;3\/12&#8243;][\/vc_column][\/vc_row][\/vc_section][vc_section el_class=&#8221;container-fluid mx-auto mt-5&#8243;][vc_row el_class=&#8221;container mx-auto&#8221;][vc_column]\n            <div class=\"my-3 my-md-0 micss\">\n                <div class=\"intro  footer der\">\n                    <div class=\"conte-map\" style=\"background-color:#ffffff ;\">\n                                    <h2 class=\"h5\">Hospital San Jos\u00e9 Hermosillo<\/h2>\n                                    <a class=\"btn-principal\" href=\"\/hermosillo\/contacto\/\" >Cont\u00e1ctanos<\/a>\n                                <\/div>\n                    <img decoding=\"async\" class=\"intro-img img-fluid my-0 mb-lg-0\" src=\"https:\/\/sanjose.testapps.mx\/hermosillo\/wp-content\/uploads\/sites\/7\/2023\/07\/hermosillo.jpg\" alt=\"\" \/>\n                     <div class=\"intro-text footer text-start  p-4 \" style=\"background-color:#ffffff ;\">\n                                <p class=\"h4\">Cont\u00e1ctanos<\/p>\n                                <\/p>\n<p class=\"h5\">Boulevard Jos\u00e9 Mar\u00eda Morelos #340, Col. Bachoco, CP. 83148<\/p>\n<p class=\"h6\">Horario de atenci\u00f3n:<\/p>\n<ul>\n<li>Lunes a domingo 7:00 a.m. a 9:00 p.m.<\/li>\n<\/ul>\n<p>\n                            <\/div>\n                <\/div>\n            <\/div>\n        [\/vc_column][\/vc_row][\/vc_section]<\/p>\n","protected":false},"excerpt":{"rendered":"<p>[vc_section el_class=&#8221;container-fluid mx-auto&#8221;][vc_row el_class=&#8221;container mx-auto&#8221;][vc_column width=&#8221;9\/12&#8243;][\/vc_column][vc_column width=&#8221;3\/12&#8243;][\/vc_column][\/vc_row][\/vc_section][vc_section el_class=&#8221;container-fluid mx-auto mt-5&#8243;][vc_row el_class=&#8221;container mx-auto&#8221;][vc_column width=&#8221;9\/12&#8243;][vc_row_inner][vc_column_inner width=&#8221;1\/2&#8243;][\/vc_column_inner][vc_column_inner el_class=&#8221;sin-image&#8221; width=&#8221;1\/2&#8243;][vc_empty_space height=&#8221;52px&#8221; el_class=&#8221;d-none d-md-block&#8221;][\/vc_column_inner][\/vc_row_inner][\/vc_column][vc_column width=&#8221;3\/12&#8243;][\/vc_column][\/vc_row][\/vc_section][vc_section el_class=&#8221;container-fluid mx-auto mt-5&#8243;][vc_row el_class=&#8221;container mx-auto&#8221;][vc_column][\/vc_column][\/vc_row][\/vc_section] [&#8230;]<\/p>\n<p><a class=\"btn btn-secondary understrap-read-more-link\" href=\"https:\/\/sanjose.testapps.mx\/hermosillo\/hemodialisis\/\">Read More&#8230;<span class=\"screen-reader-text\"> from Hemodi\u00e1lisis<\/span><\/a><\/p>\n","protected":false},"author":4,"featured_media":803,"parent":0,"menu_order":0,"comment_status":"closed","ping_status":"closed","template":"templates\/plantilla-general.php","meta":{"_acf_changed":false,"footnotes":""},"class_list":["post-813","page","type-page","status-publish","has-post-thumbnail","hentry"],"acf":[],"yoast_head":"<!-- This site is optimized with the Yoast SEO plugin v26.9 - https:\/\/yoast.com\/product\/yoast-seo-wordpress\/ -->\n<title>Hemodi\u00e1lisis - Hospital San Jos\u00e9 Hermosillo<\/title>\n<meta name=\"robots\" content=\"index, follow, max-snippet:-1, max-image-preview:large, max-video-preview:-1\" \/>\n<link rel=\"canonical\" href=\"https:\/\/sanjose.testapps.mx\/hermosillo\/hemodialisis\/\" \/>\n<meta property=\"og:locale\" content=\"es_MX\" \/>\n<meta property=\"og:type\" content=\"article\" \/>\n<meta property=\"og:title\" content=\"Hemodi\u00e1lisis - Hospital San Jos\u00e9 Hermosillo\" \/>\n<meta property=\"og:description\" content=\"[vc_section el_class=&#8221;container-fluid mx-auto&#8221;][vc_row el_class=&#8221;container mx-auto&#8221;][vc_column width=&#8221;9\/12&#8243;][\/vc_column][vc_column width=&#8221;3\/12&#8243;][\/vc_column][\/vc_row][\/vc_section][vc_section el_class=&#8221;container-fluid mx-auto mt-5&#8243;][vc_row el_class=&#8221;container mx-auto&#8221;][vc_column width=&#8221;9\/12&#8243;][vc_row_inner][vc_column_inner width=&#8221;1\/2&#8243;][\/vc_column_inner][vc_column_inner el_class=&#8221;sin-image&#8221; width=&#8221;1\/2&#8243;][vc_empty_space height=&#8221;52px&#8221; el_class=&#8221;d-none d-md-block&#8221;][\/vc_column_inner][\/vc_row_inner][\/vc_column][vc_column width=&#8221;3\/12&#8243;][\/vc_column][\/vc_row][\/vc_section][vc_section el_class=&#8221;container-fluid mx-auto mt-5&#8243;][vc_row el_class=&#8221;container mx-auto&#8221;][vc_column][\/vc_column][\/vc_row][\/vc_section] [...]Read More... from Hemodi\u00e1lisis\" \/>\n<meta property=\"og:url\" content=\"https:\/\/sanjose.testapps.mx\/hermosillo\/hemodialisis\/\" \/>\n<meta property=\"og:site_name\" content=\"Hospital San Jos\u00e9 Hermosillo\" \/>\n<meta property=\"article:modified_time\" content=\"2023-09-20T15:43:41+00:00\" \/>\n<meta property=\"og:image\" content=\"https:\/\/sanjose.testapps.mx\/hermosillo\/wp-content\/uploads\/sites\/7\/2023\/04\/hero-Hemodialisis.png\" \/>\n\t<meta property=\"og:image:width\" content=\"1156\" \/>\n\t<meta property=\"og:image:height\" content=\"650\" \/>\n\t<meta property=\"og:image:type\" content=\"image\/png\" \/>\n<meta name=\"twitter:card\" content=\"summary_large_image\" \/>\n<meta name=\"twitter:label1\" content=\"Est. reading time\" \/>\n\t<meta name=\"twitter:data1\" content=\"3 minutos\" \/>\n<script type=\"application\/ld+json\" class=\"yoast-schema-graph\">{\"@context\":\"https:\/\/schema.org\",\"@graph\":[{\"@type\":\"WebPage\",\"@id\":\"https:\/\/sanjose.testapps.mx\/hermosillo\/hemodialisis\/\",\"url\":\"https:\/\/sanjose.testapps.mx\/hermosillo\/hemodialisis\/\",\"name\":\"Hemodi\u00e1lisis - Hospital San Jos\u00e9 Hermosillo\",\"isPartOf\":{\"@id\":\"https:\/\/sanjose.testapps.mx\/hermosillo\/#website\"},\"primaryImageOfPage\":{\"@id\":\"https:\/\/sanjose.testapps.mx\/hermosillo\/hemodialisis\/#primaryimage\"},\"image\":{\"@id\":\"https:\/\/sanjose.testapps.mx\/hermosillo\/hemodialisis\/#primaryimage\"},\"thumbnailUrl\":\"https:\/\/sanjose.testapps.mx\/hermosillo\/wp-content\/uploads\/sites\/7\/2023\/04\/hero-Hemodialisis.png\",\"datePublished\":\"2023-04-26T18:15:07+00:00\",\"dateModified\":\"2023-09-20T15:43:41+00:00\",\"breadcrumb\":{\"@id\":\"https:\/\/sanjose.testapps.mx\/hermosillo\/hemodialisis\/#breadcrumb\"},\"inLanguage\":\"es\",\"potentialAction\":[{\"@type\":\"ReadAction\",\"target\":[\"https:\/\/sanjose.testapps.mx\/hermosillo\/hemodialisis\/\"]}]},{\"@type\":\"ImageObject\",\"inLanguage\":\"es\",\"@id\":\"https:\/\/sanjose.testapps.mx\/hermosillo\/hemodialisis\/#primaryimage\",\"url\":\"https:\/\/sanjose.testapps.mx\/hermosillo\/wp-content\/uploads\/sites\/7\/2023\/04\/hero-Hemodialisis.png\",\"contentUrl\":\"https:\/\/sanjose.testapps.mx\/hermosillo\/wp-content\/uploads\/sites\/7\/2023\/04\/hero-Hemodialisis.png\",\"width\":1156,\"height\":650},{\"@type\":\"BreadcrumbList\",\"@id\":\"https:\/\/sanjose.testapps.mx\/hermosillo\/hemodialisis\/#breadcrumb\",\"itemListElement\":[{\"@type\":\"ListItem\",\"position\":1,\"name\":\"Home\",\"item\":\"https:\/\/sanjose.testapps.mx\/hermosillo\/\"},{\"@type\":\"ListItem\",\"position\":2,\"name\":\"Hemodi\u00e1lisis\"}]},{\"@type\":\"WebSite\",\"@id\":\"https:\/\/sanjose.testapps.mx\/hermosillo\/#website\",\"url\":\"https:\/\/sanjose.testapps.mx\/hermosillo\/\",\"name\":\"Hospital San Jos\u00e9 Hermosillo\",\"description\":\"\",\"publisher\":{\"@id\":\"https:\/\/sanjose.testapps.mx\/hermosillo\/#organization\"},\"potentialAction\":[{\"@type\":\"SearchAction\",\"target\":{\"@type\":\"EntryPoint\",\"urlTemplate\":\"https:\/\/sanjose.testapps.mx\/hermosillo\/?s={search_term_string}\"},\"query-input\":{\"@type\":\"PropertyValueSpecification\",\"valueRequired\":true,\"valueName\":\"search_term_string\"}}],\"inLanguage\":\"es\"},{\"@type\":\"Organization\",\"@id\":\"https:\/\/sanjose.testapps.mx\/hermosillo\/#organization\",\"name\":\"Hospital San Jos\u00e9 Hermosillo\",\"url\":\"https:\/\/sanjose.testapps.mx\/hermosillo\/\",\"logo\":{\"@type\":\"ImageObject\",\"inLanguage\":\"es\",\"@id\":\"https:\/\/sanjose.testapps.mx\/hermosillo\/#\/schema\/logo\/image\/\",\"url\":\"https:\/\/sanjose.testapps.mx\/hermosillo\/wp-content\/uploads\/sites\/7\/2023\/05\/logo-san-jose-small.svg\",\"contentUrl\":\"https:\/\/sanjose.testapps.mx\/hermosillo\/wp-content\/uploads\/sites\/7\/2023\/05\/logo-san-jose-small.svg\",\"width\":58,\"height\":76,\"caption\":\"Hospital San Jos\u00e9 Hermosillo\"},\"image\":{\"@id\":\"https:\/\/sanjose.testapps.mx\/hermosillo\/#\/schema\/logo\/image\/\"}}]}<\/script>\n<!-- \/ Yoast SEO plugin. -->","yoast_head_json":{"title":"Hemodi\u00e1lisis - Hospital San Jos\u00e9 Hermosillo","robots":{"index":"index","follow":"follow","max-snippet":"max-snippet:-1","max-image-preview":"max-image-preview:large","max-video-preview":"max-video-preview:-1"},"canonical":"https:\/\/sanjose.testapps.mx\/hermosillo\/hemodialisis\/","og_locale":"es_MX","og_type":"article","og_title":"Hemodi\u00e1lisis - Hospital San Jos\u00e9 Hermosillo","og_description":"[vc_section el_class=&#8221;container-fluid mx-auto&#8221;][vc_row el_class=&#8221;container mx-auto&#8221;][vc_column width=&#8221;9\/12&#8243;][\/vc_column][vc_column width=&#8221;3\/12&#8243;][\/vc_column][\/vc_row][\/vc_section][vc_section el_class=&#8221;container-fluid mx-auto mt-5&#8243;][vc_row el_class=&#8221;container mx-auto&#8221;][vc_column width=&#8221;9\/12&#8243;][vc_row_inner][vc_column_inner width=&#8221;1\/2&#8243;][\/vc_column_inner][vc_column_inner el_class=&#8221;sin-image&#8221; width=&#8221;1\/2&#8243;][vc_empty_space height=&#8221;52px&#8221; el_class=&#8221;d-none d-md-block&#8221;][\/vc_column_inner][\/vc_row_inner][\/vc_column][vc_column width=&#8221;3\/12&#8243;][\/vc_column][\/vc_row][\/vc_section][vc_section el_class=&#8221;container-fluid mx-auto mt-5&#8243;][vc_row el_class=&#8221;container mx-auto&#8221;][vc_column][\/vc_column][\/vc_row][\/vc_section] [...]Read More... from Hemodi\u00e1lisis","og_url":"https:\/\/sanjose.testapps.mx\/hermosillo\/hemodialisis\/","og_site_name":"Hospital San Jos\u00e9 Hermosillo","article_modified_time":"2023-09-20T15:43:41+00:00","og_image":[{"width":1156,"height":650,"url":"https:\/\/sanjose.testapps.mx\/hermosillo\/wp-content\/uploads\/sites\/7\/2023\/04\/hero-Hemodialisis.png","type":"image\/png"}],"twitter_card":"summary_large_image","twitter_misc":{"Est. reading time":"3 minutos"},"schema":{"@context":"https:\/\/schema.org","@graph":[{"@type":"WebPage","@id":"https:\/\/sanjose.testapps.mx\/hermosillo\/hemodialisis\/","url":"https:\/\/sanjose.testapps.mx\/hermosillo\/hemodialisis\/","name":"Hemodi\u00e1lisis - Hospital San Jos\u00e9 Hermosillo","isPartOf":{"@id":"https:\/\/sanjose.testapps.mx\/hermosillo\/#website"},"primaryImageOfPage":{"@id":"https:\/\/sanjose.testapps.mx\/hermosillo\/hemodialisis\/#primaryimage"},"image":{"@id":"https:\/\/sanjose.testapps.mx\/hermosillo\/hemodialisis\/#primaryimage"},"thumbnailUrl":"https:\/\/sanjose.testapps.mx\/hermosillo\/wp-content\/uploads\/sites\/7\/2023\/04\/hero-Hemodialisis.png","datePublished":"2023-04-26T18:15:07+00:00","dateModified":"2023-09-20T15:43:41+00:00","breadcrumb":{"@id":"https:\/\/sanjose.testapps.mx\/hermosillo\/hemodialisis\/#breadcrumb"},"inLanguage":"es","potentialAction":[{"@type":"ReadAction","target":["https:\/\/sanjose.testapps.mx\/hermosillo\/hemodialisis\/"]}]},{"@type":"ImageObject","inLanguage":"es","@id":"https:\/\/sanjose.testapps.mx\/hermosillo\/hemodialisis\/#primaryimage","url":"https:\/\/sanjose.testapps.mx\/hermosillo\/wp-content\/uploads\/sites\/7\/2023\/04\/hero-Hemodialisis.png","contentUrl":"https:\/\/sanjose.testapps.mx\/hermosillo\/wp-content\/uploads\/sites\/7\/2023\/04\/hero-Hemodialisis.png","width":1156,"height":650},{"@type":"BreadcrumbList","@id":"https:\/\/sanjose.testapps.mx\/hermosillo\/hemodialisis\/#breadcrumb","itemListElement":[{"@type":"ListItem","position":1,"name":"Home","item":"https:\/\/sanjose.testapps.mx\/hermosillo\/"},{"@type":"ListItem","position":2,"name":"Hemodi\u00e1lisis"}]},{"@type":"WebSite","@id":"https:\/\/sanjose.testapps.mx\/hermosillo\/#website","url":"https:\/\/sanjose.testapps.mx\/hermosillo\/","name":"Hospital San Jos\u00e9 Hermosillo","description":"","publisher":{"@id":"https:\/\/sanjose.testapps.mx\/hermosillo\/#organization"},"potentialAction":[{"@type":"SearchAction","target":{"@type":"EntryPoint","urlTemplate":"https:\/\/sanjose.testapps.mx\/hermosillo\/?s={search_term_string}"},"query-input":{"@type":"PropertyValueSpecification","valueRequired":true,"valueName":"search_term_string"}}],"inLanguage":"es"},{"@type":"Organization","@id":"https:\/\/sanjose.testapps.mx\/hermosillo\/#organization","name":"Hospital San Jos\u00e9 Hermosillo","url":"https:\/\/sanjose.testapps.mx\/hermosillo\/","logo":{"@type":"ImageObject","inLanguage":"es","@id":"https:\/\/sanjose.testapps.mx\/hermosillo\/#\/schema\/logo\/image\/","url":"https:\/\/sanjose.testapps.mx\/hermosillo\/wp-content\/uploads\/sites\/7\/2023\/05\/logo-san-jose-small.svg","contentUrl":"https:\/\/sanjose.testapps.mx\/hermosillo\/wp-content\/uploads\/sites\/7\/2023\/05\/logo-san-jose-small.svg","width":58,"height":76,"caption":"Hospital San Jos\u00e9 Hermosillo"},"image":{"@id":"https:\/\/sanjose.testapps.mx\/hermosillo\/#\/schema\/logo\/image\/"}}]}},"_links":{"self":[{"href":"https:\/\/sanjose.testapps.mx\/hermosillo\/wp-json\/wp\/v2\/pages\/813","targetHints":{"allow":["GET"]}}],"collection":[{"href":"https:\/\/sanjose.testapps.mx\/hermosillo\/wp-json\/wp\/v2\/pages"}],"about":[{"href":"https:\/\/sanjose.testapps.mx\/hermosillo\/wp-json\/wp\/v2\/types\/page"}],"author":[{"embeddable":true,"href":"https:\/\/sanjose.testapps.mx\/hermosillo\/wp-json\/wp\/v2\/users\/4"}],"replies":[{"embeddable":true,"href":"https:\/\/sanjose.testapps.mx\/hermosillo\/wp-json\/wp\/v2\/comments?post=813"}],"version-history":[{"count":10,"href":"https:\/\/sanjose.testapps.mx\/hermosillo\/wp-json\/wp\/v2\/pages\/813\/revisions"}],"predecessor-version":[{"id":1929,"href":"https:\/\/sanjose.testapps.mx\/hermosillo\/wp-json\/wp\/v2\/pages\/813\/revisions\/1929"}],"wp:featuredmedia":[{"embeddable":true,"href":"https:\/\/sanjose.testapps.mx\/hermosillo\/wp-json\/wp\/v2\/media\/803"}],"wp:attachment":[{"href":"https:\/\/sanjose.testapps.mx\/hermosillo\/wp-json\/wp\/v2\/media?parent=813"}],"curies":[{"name":"wp","href":"https:\/\/api.w.org\/{rel}","templated":true}]}}