{"id":833,"date":"2023-04-26T19:04:17","date_gmt":"2023-04-26T19:04:17","guid":{"rendered":"https:\/\/sanjose.testapps.mx\/hermosillo\/?page_id=833"},"modified":"2023-09-12T16:14:03","modified_gmt":"2023-09-12T16:14:03","slug":"unidad-de-endoscopia","status":"publish","type":"page","link":"https:\/\/sanjose.testapps.mx\/hermosillo\/unidad-de-endoscopia\/","title":{"rendered":"Unidad de Endoscopia"},"content":{"rendered":"<p>[vc_section el_class=&#8221;container-fluid&#8221;][vc_row el_class=&#8221;container m-auto&#8221;][vc_column width=&#8221;9\/12&#8243;]\n            <div class=\"contenedor-titulo-destacado titulo-oculto \">\n                <p id=\"endoscopia\" class=\" text-start contenido\">\n                    Unidad de Endoscopia\n                <\/p>\n            <\/div>\n        \n            <div class=\"my-3 my-md-0 micss\">\n                <div class=\"intro  sup der\">\n                    \n                    <img decoding=\"async\" class=\"intro-img img-fluid my-0 mb-lg-0\" src=\"https:\/\/sanjose.testapps.mx\/hermosillo\/wp-content\/uploads\/sites\/7\/2023\/09\/ENDOSCOPIA.jpg\" alt=\"\" \/>\n                     <div class=\"intro-text sup text-start  p-4 \" style=\"background-color:#ffffff ;\"> \n                                \n                                \n\n                                <div class=\"my-3 contenido-desfazado\">\n                                La sala de endoscopia de Hospital San Jos\u00e9 de Hermosillo es un \u00e1rea dedicada y especializada que ofrece una amplia gama de procedimientos endosc\u00f3picos ambulatorios, asistidos por personal de enfermer\u00eda capacitado para apoyar al m\u00e9dico especialista lo que permite un diagn\u00f3stico y tratamiento preciso y efectivo de una variedad de afecciones m\u00e9dicas.\n                                <\/div>\n\n                                \n                            <\/div> \n                <\/div>\n            <\/div>\n        [vc_empty_space][\/vc_column][vc_column width=&#8221;3\/12&#8243;]\n                       \n        <style type=\"text\/css\">\n\n            .menu-lateral {\n                background-color: #852328;\n                color: #fff;\n                width: 240px;\n                z-index: 1;\n            }\n\n        <\/style>\n       \n                <div class=\"d-none d-md-flex \">\n                    <div class=\"menu-lateral p-3\">\n                        <ul id=\"menu\">\n\n                        <\/ul>\n                    <\/div>\n                <\/div>\n        [\/vc_column][\/vc_row][\/vc_section][vc_section el_class=&#8221;container-fluid&#8221; css=&#8221;.vc_custom_1682536456999{background-color: #f7f7f7 !important;}&#8221;][vc_row el_class=&#8221;container m-auto&#8221;][vc_column width=&#8221;9\/12&#8243;]\n            <div class=\"contenedor-titulo-destacado mb-3 h3 \">\n                <p id=\"por-que-elegirnos\" class=\" text-start contenido\">\n                    \u00bfPor qu\u00e9 elegirnos?\n                <\/p>\n            <\/div>\n        [vc_row_inner][vc_column_inner width=&#8221;1\/2&#8243;][vc_column_text css=&#8221;.vc_custom_1693328301409{margin-bottom: 0px !important;padding-bottom: 0px !important;}&#8221;]<\/p>\n<ul>\n<li>Asistencia biom\u00e9dica.<\/li>\n<li>Procedimientos certificados para el tratamiento de enfermedades del sistema digestivo.<\/li>\n<\/ul>\n<p>[\/vc_column_text][\/vc_column_inner][vc_column_inner width=&#8221;1\/2&#8243;][vc_column_text]<\/p>\n<ul>\n<li>Infraestructura para detecci\u00f3n temprana de algunas patolog\u00edas como el c\u00e1ncer de colon y diverticulitis entre otros padecimientos.<\/li>\n<\/ul>\n<p>[\/vc_column_text][\/vc_column_inner][\/vc_row_inner][vc_empty_space][\/vc_column][vc_column width=&#8221;3\/12&#8243;][\/vc_column][\/vc_row][\/vc_section][vc_section el_class=&#8221;container-fluid&#8221;][vc_row el_class=&#8221;container m-auto&#8221;][vc_column width=&#8221;9\/12&#8243;][vc_row_inner][vc_column_inner width=&#8221;1\/2&#8243;][vc_single_image image=&#8221;836&#8243; img_size=&#8221;full&#8221;][\/vc_column_inner][vc_column_inner width=&#8221;1\/2&#8243;]\n            <div class=\"contenedor-titulo-destacado mb-3 h3 \">\n                <p id=\"beneficios\" class=\" text-start contenido\">\n                    Beneficios\n                <\/p>\n            <\/div>\n        [vc_column_text]<strong>Diagn\u00f3stico preciso<br \/>\n<\/strong>La endoscopia puede ayudar a los m\u00e9dicos a diagnosticar problemas internos en el cuerpo con mayor precisi\u00f3n que otros m\u00e9todos de diagn\u00f3stico.<strong><br \/>\n<\/strong><\/p>\n<p><strong>Tratamiento m\u00e1s efectivo<\/strong><br \/>\nAdem\u00e1s de la diagnosis, la endoscopia tambi\u00e9n puede utilizarse para tratar ciertas condiciones. Por ejemplo, la endoscopia puede usarse para extirpar p\u00f3lipos en el colon o el recto antes de que se conviertan en cancerosos.<\/p>\n<p><strong>Procedimiento menos invasivo<\/strong><br \/>\nEs un procedimiento menos invasivo que la cirug\u00eda tradicional, lo que significa que hay menos dolor, menos cicatrices y un tiempo de recuperaci\u00f3n m\u00e1s r\u00e1pido.<\/p>\n<p><strong>Reducci\u00f3n de la necesidad de hospitalizaci\u00f3n<\/strong><br \/>\nEn algunos casos, la endoscopia puede realizarse en un entorno ambulatorio, lo que significa que el paciente no necesita ser hospitalizado y puede regresar a casa el mismo d\u00eda.<\/p>\n<p><strong>Mayor comodidad para el paciente<\/strong><br \/>\nPuede realizarse con sedaci\u00f3n o anestesia general, lo que puede hacer que el procedimiento sea m\u00e1s c\u00f3modo para el paciente.<\/p>\n<p>[\/vc_column_text][\/vc_column_inner][\/vc_row_inner][vc_empty_space][\/vc_column][vc_column width=&#8221;3\/12&#8243;][\/vc_column][\/vc_row][\/vc_section][vc_section el_class=&#8221;container-fluid&#8221;][vc_row el_class=&#8221;container m-auto&#8221;][vc_column width=&#8221;9\/12&#8243;]\n            <div class=\"contenedor-titulo-destacado mb-3 h3 \">\n                <p id=\"tipos-procedmiento\" class=\" text-start contenido\">\n                    Tipos de Procedimiento\n                <\/p>\n            <\/div>\n        [vc_row_inner][vc_column_inner width=&#8221;1\/2&#8243;][vc_column_text]Existen diferentes tipos de endoscopios en funci\u00f3n a la cavidad que se va explorar y pueden ser tubo digestivo alto y bajo, de v\u00edas biliares y v\u00edas respiratorias. La endoscopia puede ser diagnostica y terap\u00e9utica entre los procedimientos de diagn\u00f3stico que se realizan est\u00e1n:[\/vc_column_text]<div class=\"my-3 realizar-check position-relative\"><div class=\"rec-check\" ><p class=\"text-start  mb-0 h6\">Procedimientos de Diagn\u00f3stico<\/p><div class=\"descripcion-check my-3\"><\/p>\n<ul>\n<li>Broncoscopia<\/li>\n<li>Colonoscopia<\/li>\n<li>Laringoscopia<\/li>\n<li>Panendoscopia<\/li>\n<li>Rectosigmoidoscopia<\/li>\n<li>Manometr\u00eda Esof\u00e1gica<\/li>\n<li>PH-Metr\u00eda de 24 horas<\/li>\n<\/ul>\n<p><\/div><\/div><\/div>[\/vc_column_inner][vc_column_inner width=&#8221;1\/2&#8243;]<div class=\"my-3 realizar-check position-relative\"><div class=\"rec-check\" ><p class=\"text-start  mb-0 h6\">Procedimientos Terap\u00e9uticos<\/p><div class=\"descripcion-check my-3\"><\/p>\n<ul>\n<li>Gastrostom\u00eda Percut\u00e1nea Transendoscopica<\/li>\n<li>Ligadura de Varices Esof\u00e1gicas<\/li>\n<li>Dilataciones de Estenosis<\/li>\n<li>Extracci\u00f3n de Cuerpos Extra\u00f1os<\/li>\n<li>Extracci\u00f3n de P\u00f3lipos de Tubo Digestivo alto y bajo \/ Polipectom\u00eda<\/li>\n<li>Aplicaci\u00f3n de Arg\u00f3n Plasma<\/li>\n<li>CPRE o Colangiopancreatografia Endosc\u00f3pica Terap\u00e9utica<\/li>\n<\/ul>\n<p><\/div><\/div><\/div>[\/vc_column_inner][\/vc_row_inner][vc_empty_space][vc_empty_space height=&#8221;0px&#8221; el_class=&#8221;intro footer&#8221;][\/vc_column][vc_column width=&#8221;3\/12&#8243;][\/vc_column][\/vc_row][\/vc_section]<\/p>\n","protected":false},"excerpt":{"rendered":"<p>[vc_section el_class=&#8221;container-fluid&#8221;][vc_row el_class=&#8221;container m-auto&#8221;][vc_column width=&#8221;9\/12&#8243;][vc_empty_space][\/vc_column][vc_column width=&#8221;3\/12&#8243;][\/vc_column][\/vc_row][\/vc_section][vc_section el_class=&#8221;container-fluid&#8221; css=&#8221;.vc_custom_1682536456999{background-color: #f7f7f7 !important;}&#8221;][vc_row el_class=&#8221;container m-auto&#8221;][vc_column width=&#8221;9\/12&#8243;][vc_row_inner][vc_column_inner width=&#8221;1\/2&#8243;][vc_column_text css=&#8221;.vc_custom_1693328301409{margin-bottom: 0px !important;padding-bottom: 0px !important;}&#8221;] Asistencia biom\u00e9dica. Procedimientos certificados para el tratamiento de enfermedades del sistema digestivo. [\/vc_column_text][\/vc_column_inner][vc_column_inner width=&#8221;1\/2&#8243;][vc_column_text] Infraestructura para detecci\u00f3n temprana de algunas patolog\u00edas como el c\u00e1ncer de colon y diverticulitis entre otros padecimientos. [\/vc_column_text][\/vc_column_inner][\/vc_row_inner][vc_empty_space][\/vc_column][vc_column width=&#8221;3\/12&#8243;][\/vc_column][\/vc_row][\/vc_section][vc_section el_class=&#8221;container-fluid&#8221;][vc_row el_class=&#8221;container m-auto&#8221;][vc_column [&#8230;]<\/p>\n<p><a class=\"btn btn-secondary understrap-read-more-link\" href=\"https:\/\/sanjose.testapps.mx\/hermosillo\/unidad-de-endoscopia\/\">Read More&#8230;<span class=\"screen-reader-text\"> from Unidad de Endoscopia<\/span><\/a><\/p>\n","protected":false},"author":5,"featured_media":1148,"parent":0,"menu_order":0,"comment_status":"closed","ping_status":"closed","template":"templates\/plantilla-general.php","meta":{"_acf_changed":false,"footnotes":""},"class_list":["post-833","page","type-page","status-publish","has-post-thumbnail","hentry"],"acf":[],"yoast_head":"<!-- This site is optimized with the Yoast SEO plugin v26.9 - https:\/\/yoast.com\/product\/yoast-seo-wordpress\/ -->\n<title>Unidad de Endoscopia - Hospital San Jos\u00e9 Hermosillo<\/title>\n<meta name=\"robots\" content=\"index, follow, max-snippet:-1, max-image-preview:large, max-video-preview:-1\" \/>\n<link rel=\"canonical\" href=\"https:\/\/sanjose.testapps.mx\/hermosillo\/unidad-de-endoscopia\/\" \/>\n<meta property=\"og:locale\" content=\"es_MX\" \/>\n<meta property=\"og:type\" content=\"article\" \/>\n<meta property=\"og:title\" content=\"Unidad de Endoscopia - Hospital San Jos\u00e9 Hermosillo\" \/>\n<meta property=\"og:description\" content=\"[vc_section el_class=&#8221;container-fluid&#8221;][vc_row el_class=&#8221;container m-auto&#8221;][vc_column width=&#8221;9\/12&#8243;][vc_empty_space][\/vc_column][vc_column width=&#8221;3\/12&#8243;][\/vc_column][\/vc_row][\/vc_section][vc_section el_class=&#8221;container-fluid&#8221; css=&#8221;.vc_custom_1682536456999{background-color: #f7f7f7 !important;}&#8221;][vc_row el_class=&#8221;container m-auto&#8221;][vc_column width=&#8221;9\/12&#8243;][vc_row_inner][vc_column_inner width=&#8221;1\/2&#8243;][vc_column_text css=&#8221;.vc_custom_1693328301409{margin-bottom: 0px !important;padding-bottom: 0px !important;}&#8221;] Asistencia biom\u00e9dica. Procedimientos certificados para el tratamiento de enfermedades del sistema digestivo. [\/vc_column_text][\/vc_column_inner][vc_column_inner width=&#8221;1\/2&#8243;][vc_column_text] Infraestructura para detecci\u00f3n temprana de algunas patolog\u00edas como el c\u00e1ncer de colon y diverticulitis entre otros padecimientos. [\/vc_column_text][\/vc_column_inner][\/vc_row_inner][vc_empty_space][\/vc_column][vc_column width=&#8221;3\/12&#8243;][\/vc_column][\/vc_row][\/vc_section][vc_section el_class=&#8221;container-fluid&#8221;][vc_row el_class=&#8221;container m-auto&#8221;][vc_column [...]Read More... from Unidad de Endoscopia\" \/>\n<meta property=\"og:url\" content=\"https:\/\/sanjose.testapps.mx\/hermosillo\/unidad-de-endoscopia\/\" \/>\n<meta property=\"og:site_name\" content=\"Hospital San Jos\u00e9 Hermosillo\" \/>\n<meta property=\"article:modified_time\" content=\"2023-09-12T16:14:03+00:00\" \/>\n<meta property=\"og:image\" content=\"https:\/\/sanjose.testapps.mx\/hermosillo\/wp-content\/uploads\/sites\/7\/2023\/05\/Unidad-de-Endoscopia.png\" \/>\n\t<meta property=\"og:image:width\" content=\"770\" \/>\n\t<meta property=\"og:image:height\" content=\"433\" \/>\n\t<meta property=\"og:image:type\" content=\"image\/png\" \/>\n<meta name=\"twitter:card\" content=\"summary_large_image\" \/>\n<meta name=\"twitter:label1\" content=\"Est. reading time\" \/>\n\t<meta name=\"twitter:data1\" content=\"3 minutos\" \/>\n<script type=\"application\/ld+json\" class=\"yoast-schema-graph\">{\"@context\":\"https:\/\/schema.org\",\"@graph\":[{\"@type\":\"WebPage\",\"@id\":\"https:\/\/sanjose.testapps.mx\/hermosillo\/unidad-de-endoscopia\/\",\"url\":\"https:\/\/sanjose.testapps.mx\/hermosillo\/unidad-de-endoscopia\/\",\"name\":\"Unidad de Endoscopia - Hospital San Jos\u00e9 Hermosillo\",\"isPartOf\":{\"@id\":\"https:\/\/sanjose.testapps.mx\/hermosillo\/#website\"},\"primaryImageOfPage\":{\"@id\":\"https:\/\/sanjose.testapps.mx\/hermosillo\/unidad-de-endoscopia\/#primaryimage\"},\"image\":{\"@id\":\"https:\/\/sanjose.testapps.mx\/hermosillo\/unidad-de-endoscopia\/#primaryimage\"},\"thumbnailUrl\":\"https:\/\/sanjose.testapps.mx\/hermosillo\/wp-content\/uploads\/sites\/7\/2023\/05\/Unidad-de-Endoscopia.png\",\"datePublished\":\"2023-04-26T19:04:17+00:00\",\"dateModified\":\"2023-09-12T16:14:03+00:00\",\"breadcrumb\":{\"@id\":\"https:\/\/sanjose.testapps.mx\/hermosillo\/unidad-de-endoscopia\/#breadcrumb\"},\"inLanguage\":\"es\",\"potentialAction\":[{\"@type\":\"ReadAction\",\"target\":[\"https:\/\/sanjose.testapps.mx\/hermosillo\/unidad-de-endoscopia\/\"]}]},{\"@type\":\"ImageObject\",\"inLanguage\":\"es\",\"@id\":\"https:\/\/sanjose.testapps.mx\/hermosillo\/unidad-de-endoscopia\/#primaryimage\",\"url\":\"https:\/\/sanjose.testapps.mx\/hermosillo\/wp-content\/uploads\/sites\/7\/2023\/05\/Unidad-de-Endoscopia.png\",\"contentUrl\":\"https:\/\/sanjose.testapps.mx\/hermosillo\/wp-content\/uploads\/sites\/7\/2023\/05\/Unidad-de-Endoscopia.png\",\"width\":770,\"height\":433},{\"@type\":\"BreadcrumbList\",\"@id\":\"https:\/\/sanjose.testapps.mx\/hermosillo\/unidad-de-endoscopia\/#breadcrumb\",\"itemListElement\":[{\"@type\":\"ListItem\",\"position\":1,\"name\":\"Home\",\"item\":\"https:\/\/sanjose.testapps.mx\/hermosillo\/\"},{\"@type\":\"ListItem\",\"position\":2,\"name\":\"Unidad de Endoscopia\"}]},{\"@type\":\"WebSite\",\"@id\":\"https:\/\/sanjose.testapps.mx\/hermosillo\/#website\",\"url\":\"https:\/\/sanjose.testapps.mx\/hermosillo\/\",\"name\":\"Hospital San Jos\u00e9 Hermosillo\",\"description\":\"\",\"publisher\":{\"@id\":\"https:\/\/sanjose.testapps.mx\/hermosillo\/#organization\"},\"potentialAction\":[{\"@type\":\"SearchAction\",\"target\":{\"@type\":\"EntryPoint\",\"urlTemplate\":\"https:\/\/sanjose.testapps.mx\/hermosillo\/?s={search_term_string}\"},\"query-input\":{\"@type\":\"PropertyValueSpecification\",\"valueRequired\":true,\"valueName\":\"search_term_string\"}}],\"inLanguage\":\"es\"},{\"@type\":\"Organization\",\"@id\":\"https:\/\/sanjose.testapps.mx\/hermosillo\/#organization\",\"name\":\"Hospital San Jos\u00e9 Hermosillo\",\"url\":\"https:\/\/sanjose.testapps.mx\/hermosillo\/\",\"logo\":{\"@type\":\"ImageObject\",\"inLanguage\":\"es\",\"@id\":\"https:\/\/sanjose.testapps.mx\/hermosillo\/#\/schema\/logo\/image\/\",\"url\":\"https:\/\/sanjose.testapps.mx\/hermosillo\/wp-content\/uploads\/sites\/7\/2023\/05\/logo-san-jose-small.svg\",\"contentUrl\":\"https:\/\/sanjose.testapps.mx\/hermosillo\/wp-content\/uploads\/sites\/7\/2023\/05\/logo-san-jose-small.svg\",\"width\":58,\"height\":76,\"caption\":\"Hospital San Jos\u00e9 Hermosillo\"},\"image\":{\"@id\":\"https:\/\/sanjose.testapps.mx\/hermosillo\/#\/schema\/logo\/image\/\"}}]}<\/script>\n<!-- \/ Yoast SEO plugin. -->","yoast_head_json":{"title":"Unidad de Endoscopia - Hospital San Jos\u00e9 Hermosillo","robots":{"index":"index","follow":"follow","max-snippet":"max-snippet:-1","max-image-preview":"max-image-preview:large","max-video-preview":"max-video-preview:-1"},"canonical":"https:\/\/sanjose.testapps.mx\/hermosillo\/unidad-de-endoscopia\/","og_locale":"es_MX","og_type":"article","og_title":"Unidad de Endoscopia - Hospital San Jos\u00e9 Hermosillo","og_description":"[vc_section el_class=&#8221;container-fluid&#8221;][vc_row el_class=&#8221;container m-auto&#8221;][vc_column width=&#8221;9\/12&#8243;][vc_empty_space][\/vc_column][vc_column width=&#8221;3\/12&#8243;][\/vc_column][\/vc_row][\/vc_section][vc_section el_class=&#8221;container-fluid&#8221; css=&#8221;.vc_custom_1682536456999{background-color: #f7f7f7 !important;}&#8221;][vc_row el_class=&#8221;container m-auto&#8221;][vc_column width=&#8221;9\/12&#8243;][vc_row_inner][vc_column_inner width=&#8221;1\/2&#8243;][vc_column_text css=&#8221;.vc_custom_1693328301409{margin-bottom: 0px !important;padding-bottom: 0px !important;}&#8221;] Asistencia biom\u00e9dica. Procedimientos certificados para el tratamiento de enfermedades del sistema digestivo. [\/vc_column_text][\/vc_column_inner][vc_column_inner width=&#8221;1\/2&#8243;][vc_column_text] Infraestructura para detecci\u00f3n temprana de algunas patolog\u00edas como el c\u00e1ncer de colon y diverticulitis entre otros padecimientos. [\/vc_column_text][\/vc_column_inner][\/vc_row_inner][vc_empty_space][\/vc_column][vc_column width=&#8221;3\/12&#8243;][\/vc_column][\/vc_row][\/vc_section][vc_section el_class=&#8221;container-fluid&#8221;][vc_row el_class=&#8221;container m-auto&#8221;][vc_column [...]Read More... from Unidad de Endoscopia","og_url":"https:\/\/sanjose.testapps.mx\/hermosillo\/unidad-de-endoscopia\/","og_site_name":"Hospital San Jos\u00e9 Hermosillo","article_modified_time":"2023-09-12T16:14:03+00:00","og_image":[{"width":770,"height":433,"url":"https:\/\/sanjose.testapps.mx\/hermosillo\/wp-content\/uploads\/sites\/7\/2023\/05\/Unidad-de-Endoscopia.png","type":"image\/png"}],"twitter_card":"summary_large_image","twitter_misc":{"Est. reading time":"3 minutos"},"schema":{"@context":"https:\/\/schema.org","@graph":[{"@type":"WebPage","@id":"https:\/\/sanjose.testapps.mx\/hermosillo\/unidad-de-endoscopia\/","url":"https:\/\/sanjose.testapps.mx\/hermosillo\/unidad-de-endoscopia\/","name":"Unidad de Endoscopia - Hospital San Jos\u00e9 Hermosillo","isPartOf":{"@id":"https:\/\/sanjose.testapps.mx\/hermosillo\/#website"},"primaryImageOfPage":{"@id":"https:\/\/sanjose.testapps.mx\/hermosillo\/unidad-de-endoscopia\/#primaryimage"},"image":{"@id":"https:\/\/sanjose.testapps.mx\/hermosillo\/unidad-de-endoscopia\/#primaryimage"},"thumbnailUrl":"https:\/\/sanjose.testapps.mx\/hermosillo\/wp-content\/uploads\/sites\/7\/2023\/05\/Unidad-de-Endoscopia.png","datePublished":"2023-04-26T19:04:17+00:00","dateModified":"2023-09-12T16:14:03+00:00","breadcrumb":{"@id":"https:\/\/sanjose.testapps.mx\/hermosillo\/unidad-de-endoscopia\/#breadcrumb"},"inLanguage":"es","potentialAction":[{"@type":"ReadAction","target":["https:\/\/sanjose.testapps.mx\/hermosillo\/unidad-de-endoscopia\/"]}]},{"@type":"ImageObject","inLanguage":"es","@id":"https:\/\/sanjose.testapps.mx\/hermosillo\/unidad-de-endoscopia\/#primaryimage","url":"https:\/\/sanjose.testapps.mx\/hermosillo\/wp-content\/uploads\/sites\/7\/2023\/05\/Unidad-de-Endoscopia.png","contentUrl":"https:\/\/sanjose.testapps.mx\/hermosillo\/wp-content\/uploads\/sites\/7\/2023\/05\/Unidad-de-Endoscopia.png","width":770,"height":433},{"@type":"BreadcrumbList","@id":"https:\/\/sanjose.testapps.mx\/hermosillo\/unidad-de-endoscopia\/#breadcrumb","itemListElement":[{"@type":"ListItem","position":1,"name":"Home","item":"https:\/\/sanjose.testapps.mx\/hermosillo\/"},{"@type":"ListItem","position":2,"name":"Unidad de Endoscopia"}]},{"@type":"WebSite","@id":"https:\/\/sanjose.testapps.mx\/hermosillo\/#website","url":"https:\/\/sanjose.testapps.mx\/hermosillo\/","name":"Hospital San Jos\u00e9 Hermosillo","description":"","publisher":{"@id":"https:\/\/sanjose.testapps.mx\/hermosillo\/#organization"},"potentialAction":[{"@type":"SearchAction","target":{"@type":"EntryPoint","urlTemplate":"https:\/\/sanjose.testapps.mx\/hermosillo\/?s={search_term_string}"},"query-input":{"@type":"PropertyValueSpecification","valueRequired":true,"valueName":"search_term_string"}}],"inLanguage":"es"},{"@type":"Organization","@id":"https:\/\/sanjose.testapps.mx\/hermosillo\/#organization","name":"Hospital San Jos\u00e9 Hermosillo","url":"https:\/\/sanjose.testapps.mx\/hermosillo\/","logo":{"@type":"ImageObject","inLanguage":"es","@id":"https:\/\/sanjose.testapps.mx\/hermosillo\/#\/schema\/logo\/image\/","url":"https:\/\/sanjose.testapps.mx\/hermosillo\/wp-content\/uploads\/sites\/7\/2023\/05\/logo-san-jose-small.svg","contentUrl":"https:\/\/sanjose.testapps.mx\/hermosillo\/wp-content\/uploads\/sites\/7\/2023\/05\/logo-san-jose-small.svg","width":58,"height":76,"caption":"Hospital San Jos\u00e9 Hermosillo"},"image":{"@id":"https:\/\/sanjose.testapps.mx\/hermosillo\/#\/schema\/logo\/image\/"}}]}},"_links":{"self":[{"href":"https:\/\/sanjose.testapps.mx\/hermosillo\/wp-json\/wp\/v2\/pages\/833","targetHints":{"allow":["GET"]}}],"collection":[{"href":"https:\/\/sanjose.testapps.mx\/hermosillo\/wp-json\/wp\/v2\/pages"}],"about":[{"href":"https:\/\/sanjose.testapps.mx\/hermosillo\/wp-json\/wp\/v2\/types\/page"}],"author":[{"embeddable":true,"href":"https:\/\/sanjose.testapps.mx\/hermosillo\/wp-json\/wp\/v2\/users\/5"}],"replies":[{"embeddable":true,"href":"https:\/\/sanjose.testapps.mx\/hermosillo\/wp-json\/wp\/v2\/comments?post=833"}],"version-history":[{"count":10,"href":"https:\/\/sanjose.testapps.mx\/hermosillo\/wp-json\/wp\/v2\/pages\/833\/revisions"}],"predecessor-version":[{"id":1887,"href":"https:\/\/sanjose.testapps.mx\/hermosillo\/wp-json\/wp\/v2\/pages\/833\/revisions\/1887"}],"wp:featuredmedia":[{"embeddable":true,"href":"https:\/\/sanjose.testapps.mx\/hermosillo\/wp-json\/wp\/v2\/media\/1148"}],"wp:attachment":[{"href":"https:\/\/sanjose.testapps.mx\/hermosillo\/wp-json\/wp\/v2\/media?parent=833"}],"curies":[{"name":"wp","href":"https:\/\/api.w.org\/{rel}","templated":true}]}}